{"id":4758,"date":"2024-04-08T11:26:46","date_gmt":"2024-04-08T11:26:46","guid":{"rendered":"https:\/\/afw.com.tr\/?post_type=product&#038;p=4758"},"modified":"2025-05-31T15:10:40","modified_gmt":"2025-05-31T15:10:40","slug":"japon-geisha-perugu-uzak-dogu-geysa-peruk","status":"publish","type":"product","link":"https:\/\/afw.com.tr\/tr\/urun\/japon-geisha-perugu-uzak-dogu-geysa-peruk\/","title":{"rendered":"Japon Geisha Peru\u011fu Uzak Do\u011fu Gey\u015fa Peruk"},"content":{"rendered":"<p>Japon Geisha Peru\u011fu Uzak Do\u011fu Gey\u015fa Peruk<\/p>","protected":false},"excerpt":{"rendered":"<p>Japon Geisha Peru\u011fu Uzak Do\u011fu Gey\u015fa Peruk<\/p>","protected":false},"featured_media":4759,"comment_status":"open","ping_status":"closed","template":"","meta":[],"product_cat":[78,185],"product_tag":[82,202,203],"_links":{"self":[{"href":"https:\/\/afw.com.tr\/tr\/wp-json\/wp\/v2\/product\/4758"}],"collection":[{"href":"https:\/\/afw.com.tr\/tr\/wp-json\/wp\/v2\/product"}],"about":[{"href":"https:\/\/afw.com.tr\/tr\/wp-json\/wp\/v2\/types\/product"}],"replies":[{"embeddable":true,"href":"https:\/\/afw.com.tr\/tr\/wp-json\/wp\/v2\/comments?post=4758"}],"wp:featuredmedia":[{"embeddable":true,"href":"https:\/\/afw.com.tr\/tr\/wp-json\/wp\/v2\/media\/4759"}],"wp:attachment":[{"href":"https:\/\/afw.com.tr\/tr\/wp-json\/wp\/v2\/media?parent=4758"}],"wp:term":[{"taxonomy":"product_cat","embeddable":true,"href":"https:\/\/afw.com.tr\/tr\/wp-json\/wp\/v2\/product_cat?post=4758"},{"taxonomy":"product_tag","embeddable":true,"href":"https:\/\/afw.com.tr\/tr\/wp-json\/wp\/v2\/product_tag?post=4758"}],"curies":[{"name":"wp","href":"https:\/\/api.w.org\/{rel}","templated":true}]}}