{"id":4754,"date":"2024-04-08T11:23:28","date_gmt":"2024-04-08T11:23:28","guid":{"rendered":"https:\/\/afw.com.tr\/?post_type=product&#038;p=4754"},"modified":"2024-04-08T11:23:28","modified_gmt":"2024-04-08T11:23:28","slug":"fun-world-sarisin-dalgali-kadin-peruk","status":"publish","type":"product","link":"https:\/\/afw.com.tr\/tr\/urun\/fun-world-sarisin-dalgali-kadin-peruk\/","title":{"rendered":"Fun World Sar\u0131\u015f\u0131n Dalgal\u0131 Kad\u0131n Peruk"},"content":{"rendered":"<p>Fun World Sar\u0131\u015f\u0131n Dalgal\u0131 Kad\u0131n Peruk<\/p>","protected":false},"excerpt":{"rendered":"<p>Fun World Sar\u0131\u015f\u0131n Dalgal\u0131 Kad\u0131n Peruk<\/p>","protected":false},"featured_media":4755,"comment_status":"open","ping_status":"closed","template":"","meta":[],"product_cat":[78,185],"product_tag":[82,202,203],"_links":{"self":[{"href":"https:\/\/afw.com.tr\/tr\/wp-json\/wp\/v2\/product\/4754"}],"collection":[{"href":"https:\/\/afw.com.tr\/tr\/wp-json\/wp\/v2\/product"}],"about":[{"href":"https:\/\/afw.com.tr\/tr\/wp-json\/wp\/v2\/types\/product"}],"replies":[{"embeddable":true,"href":"https:\/\/afw.com.tr\/tr\/wp-json\/wp\/v2\/comments?post=4754"}],"wp:featuredmedia":[{"embeddable":true,"href":"https:\/\/afw.com.tr\/tr\/wp-json\/wp\/v2\/media\/4755"}],"wp:attachment":[{"href":"https:\/\/afw.com.tr\/tr\/wp-json\/wp\/v2\/media?parent=4754"}],"wp:term":[{"taxonomy":"product_cat","embeddable":true,"href":"https:\/\/afw.com.tr\/tr\/wp-json\/wp\/v2\/product_cat?post=4754"},{"taxonomy":"product_tag","embeddable":true,"href":"https:\/\/afw.com.tr\/tr\/wp-json\/wp\/v2\/product_tag?post=4754"}],"curies":[{"name":"wp","href":"https:\/\/api.w.org\/{rel}","templated":true}]}}