{"id":4750,"date":"2024-04-08T11:21:51","date_gmt":"2024-04-08T11:21:51","guid":{"rendered":"https:\/\/afw.com.tr\/?post_type=product&#038;p=4750"},"modified":"2024-04-08T11:21:51","modified_gmt":"2024-04-08T11:21:51","slug":"fun-world-parti-perugu-erkek-sari-peruk","status":"publish","type":"product","link":"https:\/\/afw.com.tr\/tr\/urun\/fun-world-parti-perugu-erkek-sari-peruk\/","title":{"rendered":"Fun World Parti Peru\u011fu Erkek Sar\u0131 Peruk"},"content":{"rendered":"<p>Fun World Parti Peru\u011fu Erkek Sar\u0131 Peruk<\/p>","protected":false},"excerpt":{"rendered":"<p>Fun World Parti Peru\u011fu Erkek Sar\u0131 Peruk<\/p>","protected":false},"featured_media":4751,"comment_status":"open","ping_status":"closed","template":"","meta":[],"product_cat":[78,185],"product_tag":[82,202,203],"_links":{"self":[{"href":"https:\/\/afw.com.tr\/tr\/wp-json\/wp\/v2\/product\/4750"}],"collection":[{"href":"https:\/\/afw.com.tr\/tr\/wp-json\/wp\/v2\/product"}],"about":[{"href":"https:\/\/afw.com.tr\/tr\/wp-json\/wp\/v2\/types\/product"}],"replies":[{"embeddable":true,"href":"https:\/\/afw.com.tr\/tr\/wp-json\/wp\/v2\/comments?post=4750"}],"wp:featuredmedia":[{"embeddable":true,"href":"https:\/\/afw.com.tr\/tr\/wp-json\/wp\/v2\/media\/4751"}],"wp:attachment":[{"href":"https:\/\/afw.com.tr\/tr\/wp-json\/wp\/v2\/media?parent=4750"}],"wp:term":[{"taxonomy":"product_cat","embeddable":true,"href":"https:\/\/afw.com.tr\/tr\/wp-json\/wp\/v2\/product_cat?post=4750"},{"taxonomy":"product_tag","embeddable":true,"href":"https:\/\/afw.com.tr\/tr\/wp-json\/wp\/v2\/product_tag?post=4750"}],"curies":[{"name":"wp","href":"https:\/\/api.w.org\/{rel}","templated":true}]}}