{"id":4748,"date":"2024-04-08T11:21:19","date_gmt":"2024-04-08T11:21:19","guid":{"rendered":"https:\/\/afw.com.tr\/?post_type=product&#038;p=4748"},"modified":"2024-04-08T11:21:19","modified_gmt":"2024-04-08T11:21:19","slug":"fun-world-kizilderili-peruk","status":"publish","type":"product","link":"https:\/\/afw.com.tr\/tr\/urun\/fun-world-kizilderili-peruk\/","title":{"rendered":"Fun World K\u0131z\u0131lderili Peruk"},"content":{"rendered":"<p>Fun World K\u0131z\u0131lderili Peruk<\/p>","protected":false},"excerpt":{"rendered":"<p>Fun World K\u0131z\u0131lderili Peruk<\/p>","protected":false},"featured_media":4749,"comment_status":"open","ping_status":"closed","template":"","meta":[],"product_cat":[78,185],"product_tag":[82,202,203],"_links":{"self":[{"href":"https:\/\/afw.com.tr\/tr\/wp-json\/wp\/v2\/product\/4748"}],"collection":[{"href":"https:\/\/afw.com.tr\/tr\/wp-json\/wp\/v2\/product"}],"about":[{"href":"https:\/\/afw.com.tr\/tr\/wp-json\/wp\/v2\/types\/product"}],"replies":[{"embeddable":true,"href":"https:\/\/afw.com.tr\/tr\/wp-json\/wp\/v2\/comments?post=4748"}],"wp:featuredmedia":[{"embeddable":true,"href":"https:\/\/afw.com.tr\/tr\/wp-json\/wp\/v2\/media\/4749"}],"wp:attachment":[{"href":"https:\/\/afw.com.tr\/tr\/wp-json\/wp\/v2\/media?parent=4748"}],"wp:term":[{"taxonomy":"product_cat","embeddable":true,"href":"https:\/\/afw.com.tr\/tr\/wp-json\/wp\/v2\/product_cat?post=4748"},{"taxonomy":"product_tag","embeddable":true,"href":"https:\/\/afw.com.tr\/tr\/wp-json\/wp\/v2\/product_tag?post=4748"}],"curies":[{"name":"wp","href":"https:\/\/api.w.org\/{rel}","templated":true}]}}