{"id":4746,"date":"2024-04-08T11:20:44","date_gmt":"2024-04-08T11:20:44","guid":{"rendered":"https:\/\/afw.com.tr\/?post_type=product&#038;p=4746"},"modified":"2024-04-08T11:20:44","modified_gmt":"2024-04-08T11:20:44","slug":"fun-world-hakim-yargic-peruk","status":"publish","type":"product","link":"https:\/\/afw.com.tr\/tr\/urun\/fun-world-hakim-yargic-peruk\/","title":{"rendered":"Fun World Hakim Yarg\u0131\u00e7 Peruk"},"content":{"rendered":"<p>Fun World Hakim Yarg\u0131\u00e7 Peruk<\/p>","protected":false},"excerpt":{"rendered":"<p>Fun World Hakim Yarg\u0131\u00e7 Peruk<\/p>","protected":false},"featured_media":4747,"comment_status":"open","ping_status":"closed","template":"","meta":[],"product_cat":[78,185],"product_tag":[82,202,203],"_links":{"self":[{"href":"https:\/\/afw.com.tr\/tr\/wp-json\/wp\/v2\/product\/4746"}],"collection":[{"href":"https:\/\/afw.com.tr\/tr\/wp-json\/wp\/v2\/product"}],"about":[{"href":"https:\/\/afw.com.tr\/tr\/wp-json\/wp\/v2\/types\/product"}],"replies":[{"embeddable":true,"href":"https:\/\/afw.com.tr\/tr\/wp-json\/wp\/v2\/comments?post=4746"}],"wp:featuredmedia":[{"embeddable":true,"href":"https:\/\/afw.com.tr\/tr\/wp-json\/wp\/v2\/media\/4747"}],"wp:attachment":[{"href":"https:\/\/afw.com.tr\/tr\/wp-json\/wp\/v2\/media?parent=4746"}],"wp:term":[{"taxonomy":"product_cat","embeddable":true,"href":"https:\/\/afw.com.tr\/tr\/wp-json\/wp\/v2\/product_cat?post=4746"},{"taxonomy":"product_tag","embeddable":true,"href":"https:\/\/afw.com.tr\/tr\/wp-json\/wp\/v2\/product_tag?post=4746"}],"curies":[{"name":"wp","href":"https:\/\/api.w.org\/{rel}","templated":true}]}}