{"id":4744,"date":"2024-04-08T11:20:04","date_gmt":"2024-04-08T11:20:04","guid":{"rendered":"https:\/\/afw.com.tr\/?post_type=product&#038;p=4744"},"modified":"2024-04-08T11:20:04","modified_gmt":"2024-04-08T11:20:04","slug":"fun-world-hakim-peruk-yargic-peruk-beyaz","status":"publish","type":"product","link":"https:\/\/afw.com.tr\/tr\/urun\/fun-world-hakim-peruk-yargic-peruk-beyaz\/","title":{"rendered":"Fun World Hakim Peruk Yarg\u0131\u00e7 Peruk Beyaz"},"content":{"rendered":"<p>Fun World Hakim Peruk Yarg\u0131\u00e7 Peruk Beyaz<\/p>","protected":false},"excerpt":{"rendered":"<p>Fun World Hakim Peruk Yarg\u0131\u00e7 Peruk Beyaz<\/p>","protected":false},"featured_media":4745,"comment_status":"open","ping_status":"closed","template":"","meta":[],"product_cat":[78,185],"product_tag":[82,202,203],"_links":{"self":[{"href":"https:\/\/afw.com.tr\/tr\/wp-json\/wp\/v2\/product\/4744"}],"collection":[{"href":"https:\/\/afw.com.tr\/tr\/wp-json\/wp\/v2\/product"}],"about":[{"href":"https:\/\/afw.com.tr\/tr\/wp-json\/wp\/v2\/types\/product"}],"replies":[{"embeddable":true,"href":"https:\/\/afw.com.tr\/tr\/wp-json\/wp\/v2\/comments?post=4744"}],"wp:featuredmedia":[{"embeddable":true,"href":"https:\/\/afw.com.tr\/tr\/wp-json\/wp\/v2\/media\/4745"}],"wp:attachment":[{"href":"https:\/\/afw.com.tr\/tr\/wp-json\/wp\/v2\/media?parent=4744"}],"wp:term":[{"taxonomy":"product_cat","embeddable":true,"href":"https:\/\/afw.com.tr\/tr\/wp-json\/wp\/v2\/product_cat?post=4744"},{"taxonomy":"product_tag","embeddable":true,"href":"https:\/\/afw.com.tr\/tr\/wp-json\/wp\/v2\/product_tag?post=4744"}],"curies":[{"name":"wp","href":"https:\/\/api.w.org\/{rel}","templated":true}]}}