{"id":4740,"date":"2024-04-08T11:18:35","date_gmt":"2024-04-08T11:18:35","guid":{"rendered":"https:\/\/afw.com.tr\/?post_type=product&#038;p=4740"},"modified":"2024-11-09T10:42:34","modified_gmt":"2024-11-09T10:42:34","slug":"fun-world-barok-kadin-orgu-peruk-beyaz","status":"publish","type":"product","link":"https:\/\/afw.com.tr\/tr\/urun\/fun-world-barok-kadin-orgu-peruk-beyaz\/","title":{"rendered":"Fun World Barok Kad\u0131n \u00d6rg\u00fc Peruk Beyaz"},"content":{"rendered":"<p>Fun World Barok Kad\u0131n \u00d6rg\u00fc Peruk Beyaz<\/p>","protected":false},"excerpt":{"rendered":"<p>Fun World Barok Kad\u0131n \u00d6rg\u00fc Peruk Beyaz<\/p>","protected":false},"featured_media":4741,"comment_status":"open","ping_status":"closed","template":"","meta":[],"product_cat":[78,185],"product_tag":[82,202,203],"_links":{"self":[{"href":"https:\/\/afw.com.tr\/tr\/wp-json\/wp\/v2\/product\/4740"}],"collection":[{"href":"https:\/\/afw.com.tr\/tr\/wp-json\/wp\/v2\/product"}],"about":[{"href":"https:\/\/afw.com.tr\/tr\/wp-json\/wp\/v2\/types\/product"}],"replies":[{"embeddable":true,"href":"https:\/\/afw.com.tr\/tr\/wp-json\/wp\/v2\/comments?post=4740"}],"wp:featuredmedia":[{"embeddable":true,"href":"https:\/\/afw.com.tr\/tr\/wp-json\/wp\/v2\/media\/4741"}],"wp:attachment":[{"href":"https:\/\/afw.com.tr\/tr\/wp-json\/wp\/v2\/media?parent=4740"}],"wp:term":[{"taxonomy":"product_cat","embeddable":true,"href":"https:\/\/afw.com.tr\/tr\/wp-json\/wp\/v2\/product_cat?post=4740"},{"taxonomy":"product_tag","embeddable":true,"href":"https:\/\/afw.com.tr\/tr\/wp-json\/wp\/v2\/product_tag?post=4740"}],"curies":[{"name":"wp","href":"https:\/\/api.w.org\/{rel}","templated":true}]}}