{"id":4734,"date":"2024-04-08T11:16:11","date_gmt":"2024-04-08T11:16:11","guid":{"rendered":"https:\/\/afw.com.tr\/?post_type=product&#038;p=4734"},"modified":"2025-06-07T00:25:19","modified_gmt":"2025-06-07T00:25:19","slug":"cilgin-smiffys-unisex-renkli-afro-peruk-palyaco","status":"publish","type":"product","link":"https:\/\/afw.com.tr\/tr\/urun\/cilgin-smiffys-unisex-renkli-afro-peruk-palyaco\/","title":{"rendered":"\u00c7\u0131lg\u0131n Smiffys Unisex Renkli Afro Peruk Palya\u00e7o"},"content":{"rendered":"<p>\u00c7\u0131lg\u0131n Smiffys Unisex Renkli Afro Peruk Palya\u00e7o<\/p>","protected":false},"excerpt":{"rendered":"<p>\u00c7\u0131lg\u0131n Smiffys Unisex Renkli Afro Peruk Palya\u00e7o<\/p>","protected":false},"featured_media":4735,"comment_status":"open","ping_status":"closed","template":"","meta":[],"product_cat":[78,185],"product_tag":[122,82,202,203],"_links":{"self":[{"href":"https:\/\/afw.com.tr\/tr\/wp-json\/wp\/v2\/product\/4734"}],"collection":[{"href":"https:\/\/afw.com.tr\/tr\/wp-json\/wp\/v2\/product"}],"about":[{"href":"https:\/\/afw.com.tr\/tr\/wp-json\/wp\/v2\/types\/product"}],"replies":[{"embeddable":true,"href":"https:\/\/afw.com.tr\/tr\/wp-json\/wp\/v2\/comments?post=4734"}],"wp:featuredmedia":[{"embeddable":true,"href":"https:\/\/afw.com.tr\/tr\/wp-json\/wp\/v2\/media\/4735"}],"wp:attachment":[{"href":"https:\/\/afw.com.tr\/tr\/wp-json\/wp\/v2\/media?parent=4734"}],"wp:term":[{"taxonomy":"product_cat","embeddable":true,"href":"https:\/\/afw.com.tr\/tr\/wp-json\/wp\/v2\/product_cat?post=4734"},{"taxonomy":"product_tag","embeddable":true,"href":"https:\/\/afw.com.tr\/tr\/wp-json\/wp\/v2\/product_tag?post=4734"}],"curies":[{"name":"wp","href":"https:\/\/api.w.org\/{rel}","templated":true}]}}