{"id":4729,"date":"2024-04-08T11:12:55","date_gmt":"2024-04-08T11:12:55","guid":{"rendered":"https:\/\/afw.com.tr\/?post_type=product&#038;p=4729"},"modified":"2024-04-08T11:14:51","modified_gmt":"2024-04-08T11:14:51","slug":"beyaz-renk-parti-perugu-kisa-kut-sac","status":"publish","type":"product","link":"https:\/\/afw.com.tr\/tr\/urun\/beyaz-renk-parti-perugu-kisa-kut-sac\/","title":{"rendered":"Beyaz Renk Parti Peru\u011fu K\u0131sa K\u00fct Sa\u00e7"},"content":{"rendered":"<p>Beyaz Renk Parti Peru\u011fu K\u0131sa K\u00fct Sa\u00e7<\/p>","protected":false},"excerpt":{"rendered":"<p>Beyaz Renk Parti Peru\u011fu K\u0131sa K\u00fct Sa\u00e7<\/p>","protected":false},"featured_media":4730,"comment_status":"open","ping_status":"closed","template":"","meta":[],"product_cat":[78,185],"product_tag":[82,202,203],"_links":{"self":[{"href":"https:\/\/afw.com.tr\/tr\/wp-json\/wp\/v2\/product\/4729"}],"collection":[{"href":"https:\/\/afw.com.tr\/tr\/wp-json\/wp\/v2\/product"}],"about":[{"href":"https:\/\/afw.com.tr\/tr\/wp-json\/wp\/v2\/types\/product"}],"replies":[{"embeddable":true,"href":"https:\/\/afw.com.tr\/tr\/wp-json\/wp\/v2\/comments?post=4729"}],"wp:featuredmedia":[{"embeddable":true,"href":"https:\/\/afw.com.tr\/tr\/wp-json\/wp\/v2\/media\/4730"}],"wp:attachment":[{"href":"https:\/\/afw.com.tr\/tr\/wp-json\/wp\/v2\/media?parent=4729"}],"wp:term":[{"taxonomy":"product_cat","embeddable":true,"href":"https:\/\/afw.com.tr\/tr\/wp-json\/wp\/v2\/product_cat?post=4729"},{"taxonomy":"product_tag","embeddable":true,"href":"https:\/\/afw.com.tr\/tr\/wp-json\/wp\/v2\/product_tag?post=4729"}],"curies":[{"name":"wp","href":"https:\/\/api.w.org\/{rel}","templated":true}]}}