{"id":4709,"date":"2024-04-02T20:12:43","date_gmt":"2024-04-02T20:12:43","guid":{"rendered":"https:\/\/afw.com.tr\/?post_type=product&#038;p=4709"},"modified":"2024-04-02T20:12:43","modified_gmt":"2024-04-02T20:12:43","slug":"canavar-avcilari","status":"publish","type":"product","link":"https:\/\/afw.com.tr\/tr\/urun\/canavar-avcilari\/","title":{"rendered":"Canavar Avc\u0131lar\u0131"},"content":{"rendered":"<p>Canavar Avc\u0131lar\u0131<\/p>","protected":false},"excerpt":{"rendered":"<p>Canavar Avc\u0131lar\u0131<\/p>","protected":false},"featured_media":4710,"comment_status":"open","ping_status":"closed","template":"","meta":[],"product_cat":[188,31,190,189],"product_tag":[198],"_links":{"self":[{"href":"https:\/\/afw.com.tr\/tr\/wp-json\/wp\/v2\/product\/4709"}],"collection":[{"href":"https:\/\/afw.com.tr\/tr\/wp-json\/wp\/v2\/product"}],"about":[{"href":"https:\/\/afw.com.tr\/tr\/wp-json\/wp\/v2\/types\/product"}],"replies":[{"embeddable":true,"href":"https:\/\/afw.com.tr\/tr\/wp-json\/wp\/v2\/comments?post=4709"}],"wp:featuredmedia":[{"embeddable":true,"href":"https:\/\/afw.com.tr\/tr\/wp-json\/wp\/v2\/media\/4710"}],"wp:attachment":[{"href":"https:\/\/afw.com.tr\/tr\/wp-json\/wp\/v2\/media?parent=4709"}],"wp:term":[{"taxonomy":"product_cat","embeddable":true,"href":"https:\/\/afw.com.tr\/tr\/wp-json\/wp\/v2\/product_cat?post=4709"},{"taxonomy":"product_tag","embeddable":true,"href":"https:\/\/afw.com.tr\/tr\/wp-json\/wp\/v2\/product_tag?post=4709"}],"curies":[{"name":"wp","href":"https:\/\/api.w.org\/{rel}","templated":true}]}}