{"id":4696,"date":"2024-04-02T20:05:36","date_gmt":"2024-04-02T20:05:36","guid":{"rendered":"https:\/\/afw.com.tr\/?post_type=product&#038;p=4696"},"modified":"2024-04-02T20:10:42","modified_gmt":"2024-04-02T20:10:42","slug":"tomy-sakaci-korsan","status":"publish","type":"product","link":"https:\/\/afw.com.tr\/tr\/urun\/tomy-sakaci-korsan\/","title":{"rendered":"Tomy \u015eakac\u0131 Korsan"},"content":{"rendered":"<p>Tomy \u015eakac\u0131 Korsan<\/p>","protected":false},"excerpt":{"rendered":"<p>Tomy \u015eakac\u0131 Korsan<\/p>","protected":false},"featured_media":4697,"comment_status":"open","ping_status":"closed","template":"","meta":[],"product_cat":[188,31,190,189],"product_tag":[198],"_links":{"self":[{"href":"https:\/\/afw.com.tr\/tr\/wp-json\/wp\/v2\/product\/4696"}],"collection":[{"href":"https:\/\/afw.com.tr\/tr\/wp-json\/wp\/v2\/product"}],"about":[{"href":"https:\/\/afw.com.tr\/tr\/wp-json\/wp\/v2\/types\/product"}],"replies":[{"embeddable":true,"href":"https:\/\/afw.com.tr\/tr\/wp-json\/wp\/v2\/comments?post=4696"}],"wp:featuredmedia":[{"embeddable":true,"href":"https:\/\/afw.com.tr\/tr\/wp-json\/wp\/v2\/media\/4697"}],"wp:attachment":[{"href":"https:\/\/afw.com.tr\/tr\/wp-json\/wp\/v2\/media?parent=4696"}],"wp:term":[{"taxonomy":"product_cat","embeddable":true,"href":"https:\/\/afw.com.tr\/tr\/wp-json\/wp\/v2\/product_cat?post=4696"},{"taxonomy":"product_tag","embeddable":true,"href":"https:\/\/afw.com.tr\/tr\/wp-json\/wp\/v2\/product_tag?post=4696"}],"curies":[{"name":"wp","href":"https:\/\/api.w.org\/{rel}","templated":true}]}}