{"id":4672,"date":"2024-04-02T19:38:58","date_gmt":"2024-04-02T19:38:58","guid":{"rendered":"https:\/\/afw.com.tr\/?post_type=product&#038;p=4672"},"modified":"2025-06-07T16:58:23","modified_gmt":"2025-06-07T16:58:23","slug":"dede-teknik-servis-el-cantasi","status":"publish","type":"product","link":"https:\/\/afw.com.tr\/tr\/urun\/dede-teknik-servis-el-cantasi\/","title":{"rendered":"DEDE Teknik Servis El \u00c7antas\u0131"},"content":{"rendered":"<p>DEDE Teknik Servis El \u00c7antas\u0131<\/p>","protected":false},"excerpt":{"rendered":"<p>DEDE Teknik Servis El \u00c7antas\u0131<\/p>","protected":false},"featured_media":4674,"comment_status":"open","ping_status":"closed","template":"","meta":[],"product_cat":[188,31,189],"product_tag":[200,198],"_links":{"self":[{"href":"https:\/\/afw.com.tr\/tr\/wp-json\/wp\/v2\/product\/4672"}],"collection":[{"href":"https:\/\/afw.com.tr\/tr\/wp-json\/wp\/v2\/product"}],"about":[{"href":"https:\/\/afw.com.tr\/tr\/wp-json\/wp\/v2\/types\/product"}],"replies":[{"embeddable":true,"href":"https:\/\/afw.com.tr\/tr\/wp-json\/wp\/v2\/comments?post=4672"}],"wp:featuredmedia":[{"embeddable":true,"href":"https:\/\/afw.com.tr\/tr\/wp-json\/wp\/v2\/media\/4674"}],"wp:attachment":[{"href":"https:\/\/afw.com.tr\/tr\/wp-json\/wp\/v2\/media?parent=4672"}],"wp:term":[{"taxonomy":"product_cat","embeddable":true,"href":"https:\/\/afw.com.tr\/tr\/wp-json\/wp\/v2\/product_cat?post=4672"},{"taxonomy":"product_tag","embeddable":true,"href":"https:\/\/afw.com.tr\/tr\/wp-json\/wp\/v2\/product_tag?post=4672"}],"curies":[{"name":"wp","href":"https:\/\/api.w.org\/{rel}","templated":true}]}}