{"id":4668,"date":"2024-04-02T19:35:47","date_gmt":"2024-04-02T19:35:47","guid":{"rendered":"https:\/\/afw.com.tr\/?post_type=product&#038;p=4668"},"modified":"2024-04-02T19:35:47","modified_gmt":"2024-04-02T19:35:47","slug":"dede-ikili-insaat-kamyon-seti","status":"publish","type":"product","link":"https:\/\/afw.com.tr\/tr\/urun\/dede-ikili-insaat-kamyon-seti\/","title":{"rendered":"DEDE \u0130kili \u0130n\u015faat Kamyon Seti"},"content":{"rendered":"<p>DEDE \u0130kili \u0130n\u015faat Kamyon Seti<\/p>","protected":false},"excerpt":{"rendered":"<p>DEDE \u0130kili \u0130n\u015faat Kamyon Seti<\/p>","protected":false},"featured_media":4671,"comment_status":"open","ping_status":"closed","template":"","meta":[],"product_cat":[188,31,189],"product_tag":[200,198],"_links":{"self":[{"href":"https:\/\/afw.com.tr\/tr\/wp-json\/wp\/v2\/product\/4668"}],"collection":[{"href":"https:\/\/afw.com.tr\/tr\/wp-json\/wp\/v2\/product"}],"about":[{"href":"https:\/\/afw.com.tr\/tr\/wp-json\/wp\/v2\/types\/product"}],"replies":[{"embeddable":true,"href":"https:\/\/afw.com.tr\/tr\/wp-json\/wp\/v2\/comments?post=4668"}],"wp:featuredmedia":[{"embeddable":true,"href":"https:\/\/afw.com.tr\/tr\/wp-json\/wp\/v2\/media\/4671"}],"wp:attachment":[{"href":"https:\/\/afw.com.tr\/tr\/wp-json\/wp\/v2\/media?parent=4668"}],"wp:term":[{"taxonomy":"product_cat","embeddable":true,"href":"https:\/\/afw.com.tr\/tr\/wp-json\/wp\/v2\/product_cat?post=4668"},{"taxonomy":"product_tag","embeddable":true,"href":"https:\/\/afw.com.tr\/tr\/wp-json\/wp\/v2\/product_tag?post=4668"}],"curies":[{"name":"wp","href":"https:\/\/api.w.org\/{rel}","templated":true}]}}