{"id":4656,"date":"2024-04-02T19:16:29","date_gmt":"2024-04-02T19:16:29","guid":{"rendered":"https:\/\/afw.com.tr\/?post_type=product&#038;p=4656"},"modified":"2025-06-02T05:17:22","modified_gmt":"2025-06-02T05:17:22","slug":"dede-art-craft-eglenceli-kaliplar","status":"publish","type":"product","link":"https:\/\/afw.com.tr\/tr\/urun\/dede-art-craft-eglenceli-kaliplar\/","title":{"rendered":"DEDE Art Craft E\u011flenceli Kal\u0131plar"},"content":{"rendered":"<p>DEDE Art Craft E\u011flenceli Kal\u0131plar<\/p>","protected":false},"excerpt":{"rendered":"<p>DEDE Art Craft E\u011flenceli Kal\u0131plar<\/p>","protected":false},"featured_media":4657,"comment_status":"open","ping_status":"closed","template":"","meta":[],"product_cat":[188,31,189],"product_tag":[200,198],"_links":{"self":[{"href":"https:\/\/afw.com.tr\/tr\/wp-json\/wp\/v2\/product\/4656"}],"collection":[{"href":"https:\/\/afw.com.tr\/tr\/wp-json\/wp\/v2\/product"}],"about":[{"href":"https:\/\/afw.com.tr\/tr\/wp-json\/wp\/v2\/types\/product"}],"replies":[{"embeddable":true,"href":"https:\/\/afw.com.tr\/tr\/wp-json\/wp\/v2\/comments?post=4656"}],"wp:featuredmedia":[{"embeddable":true,"href":"https:\/\/afw.com.tr\/tr\/wp-json\/wp\/v2\/media\/4657"}],"wp:attachment":[{"href":"https:\/\/afw.com.tr\/tr\/wp-json\/wp\/v2\/media?parent=4656"}],"wp:term":[{"taxonomy":"product_cat","embeddable":true,"href":"https:\/\/afw.com.tr\/tr\/wp-json\/wp\/v2\/product_cat?post=4656"},{"taxonomy":"product_tag","embeddable":true,"href":"https:\/\/afw.com.tr\/tr\/wp-json\/wp\/v2\/product_tag?post=4656"}],"curies":[{"name":"wp","href":"https:\/\/api.w.org\/{rel}","templated":true}]}}