{"id":4652,"date":"2024-04-02T19:14:48","date_gmt":"2024-04-02T19:14:48","guid":{"rendered":"https:\/\/afw.com.tr\/?post_type=product&#038;p=4652"},"modified":"2024-04-02T19:14:48","modified_gmt":"2024-04-02T19:14:48","slug":"dede-ilk-arabam-kiz","status":"publish","type":"product","link":"https:\/\/afw.com.tr\/tr\/urun\/dede-ilk-arabam-kiz\/","title":{"rendered":"DEDE \u0130lk Arabam (K\u0131z)"},"content":{"rendered":"<p>DEDE \u0130lk Arabam (K\u0131z)<\/p>","protected":false},"excerpt":{"rendered":"<p>DEDE \u0130lk Arabam (K\u0131z)<\/p>","protected":false},"featured_media":4653,"comment_status":"open","ping_status":"closed","template":"","meta":[],"product_cat":[188,31,189],"product_tag":[200,198],"_links":{"self":[{"href":"https:\/\/afw.com.tr\/tr\/wp-json\/wp\/v2\/product\/4652"}],"collection":[{"href":"https:\/\/afw.com.tr\/tr\/wp-json\/wp\/v2\/product"}],"about":[{"href":"https:\/\/afw.com.tr\/tr\/wp-json\/wp\/v2\/types\/product"}],"replies":[{"embeddable":true,"href":"https:\/\/afw.com.tr\/tr\/wp-json\/wp\/v2\/comments?post=4652"}],"wp:featuredmedia":[{"embeddable":true,"href":"https:\/\/afw.com.tr\/tr\/wp-json\/wp\/v2\/media\/4653"}],"wp:attachment":[{"href":"https:\/\/afw.com.tr\/tr\/wp-json\/wp\/v2\/media?parent=4652"}],"wp:term":[{"taxonomy":"product_cat","embeddable":true,"href":"https:\/\/afw.com.tr\/tr\/wp-json\/wp\/v2\/product_cat?post=4652"},{"taxonomy":"product_tag","embeddable":true,"href":"https:\/\/afw.com.tr\/tr\/wp-json\/wp\/v2\/product_tag?post=4652"}],"curies":[{"name":"wp","href":"https:\/\/api.w.org\/{rel}","templated":true}]}}