{"id":4643,"date":"2024-04-02T19:10:14","date_gmt":"2024-04-02T19:10:14","guid":{"rendered":"https:\/\/afw.com.tr\/?post_type=product&#038;p=4643"},"modified":"2025-05-30T21:00:59","modified_gmt":"2025-05-30T21:00:59","slug":"dede-spiderman-alet-cantasi","status":"publish","type":"product","link":"https:\/\/afw.com.tr\/tr\/urun\/dede-spiderman-alet-cantasi\/","title":{"rendered":"DEDE Spiderman Alet \u00c7antas\u0131"},"content":{"rendered":"<p>DEDE Spiderman Alet \u00c7antas\u0131<\/p>","protected":false},"excerpt":{"rendered":"<p>DEDE Spiderman Alet \u00c7antas\u0131<\/p>","protected":false},"featured_media":4644,"comment_status":"open","ping_status":"closed","template":"","meta":[],"product_cat":[188,31,189],"product_tag":[200,198],"_links":{"self":[{"href":"https:\/\/afw.com.tr\/tr\/wp-json\/wp\/v2\/product\/4643"}],"collection":[{"href":"https:\/\/afw.com.tr\/tr\/wp-json\/wp\/v2\/product"}],"about":[{"href":"https:\/\/afw.com.tr\/tr\/wp-json\/wp\/v2\/types\/product"}],"replies":[{"embeddable":true,"href":"https:\/\/afw.com.tr\/tr\/wp-json\/wp\/v2\/comments?post=4643"}],"wp:featuredmedia":[{"embeddable":true,"href":"https:\/\/afw.com.tr\/tr\/wp-json\/wp\/v2\/media\/4644"}],"wp:attachment":[{"href":"https:\/\/afw.com.tr\/tr\/wp-json\/wp\/v2\/media?parent=4643"}],"wp:term":[{"taxonomy":"product_cat","embeddable":true,"href":"https:\/\/afw.com.tr\/tr\/wp-json\/wp\/v2\/product_cat?post=4643"},{"taxonomy":"product_tag","embeddable":true,"href":"https:\/\/afw.com.tr\/tr\/wp-json\/wp\/v2\/product_tag?post=4643"}],"curies":[{"name":"wp","href":"https:\/\/api.w.org\/{rel}","templated":true}]}}