{"id":4640,"date":"2024-04-02T19:08:22","date_gmt":"2024-04-02T19:08:22","guid":{"rendered":"https:\/\/afw.com.tr\/?post_type=product&#038;p=4640"},"modified":"2026-03-01T11:02:43","modified_gmt":"2026-03-01T11:02:43","slug":"dede-power-tezgahli-ayakli-tamir-seti","status":"publish","type":"product","link":"https:\/\/afw.com.tr\/tr\/urun\/dede-power-tezgahli-ayakli-tamir-seti\/","title":{"rendered":"Dede Power Tezgahl\u0131 Ayakl\u0131 Tamir Seti"},"content":{"rendered":"<p>Dede Power Tezgahl\u0131 Ayakl\u0131 Tamir Seti<\/p>","protected":false},"excerpt":{"rendered":"<p>Dede Power Tezgahl\u0131 Ayakl\u0131 Tamir Seti<\/p>","protected":false},"featured_media":4642,"comment_status":"open","ping_status":"closed","template":"","meta":[],"product_cat":[188,31,189],"product_tag":[200,198],"_links":{"self":[{"href":"https:\/\/afw.com.tr\/tr\/wp-json\/wp\/v2\/product\/4640"}],"collection":[{"href":"https:\/\/afw.com.tr\/tr\/wp-json\/wp\/v2\/product"}],"about":[{"href":"https:\/\/afw.com.tr\/tr\/wp-json\/wp\/v2\/types\/product"}],"replies":[{"embeddable":true,"href":"https:\/\/afw.com.tr\/tr\/wp-json\/wp\/v2\/comments?post=4640"}],"wp:featuredmedia":[{"embeddable":true,"href":"https:\/\/afw.com.tr\/tr\/wp-json\/wp\/v2\/media\/4642"}],"wp:attachment":[{"href":"https:\/\/afw.com.tr\/tr\/wp-json\/wp\/v2\/media?parent=4640"}],"wp:term":[{"taxonomy":"product_cat","embeddable":true,"href":"https:\/\/afw.com.tr\/tr\/wp-json\/wp\/v2\/product_cat?post=4640"},{"taxonomy":"product_tag","embeddable":true,"href":"https:\/\/afw.com.tr\/tr\/wp-json\/wp\/v2\/product_tag?post=4640"}],"curies":[{"name":"wp","href":"https:\/\/api.w.org\/{rel}","templated":true}]}}