{"id":4624,"date":"2024-04-02T18:59:59","date_gmt":"2024-04-02T18:59:59","guid":{"rendered":"https:\/\/afw.com.tr\/?post_type=product&#038;p=4624"},"modified":"2024-04-02T18:59:59","modified_gmt":"2024-04-02T18:59:59","slug":"dede-candy-ken-doktor-cantasi","status":"publish","type":"product","link":"https:\/\/afw.com.tr\/tr\/urun\/dede-candy-ken-doktor-cantasi\/","title":{"rendered":"DEDE Candy Ken Doktor \u00c7antas\u0131"},"content":{"rendered":"<p>DEDE Candy Ken Doktor \u00c7antas\u0131<\/p>","protected":false},"excerpt":{"rendered":"<p>DEDE Candy Ken Doktor \u00c7antas\u0131<\/p>","protected":false},"featured_media":4625,"comment_status":"open","ping_status":"closed","template":"","meta":[],"product_cat":[188,31,189],"product_tag":[200,198],"_links":{"self":[{"href":"https:\/\/afw.com.tr\/tr\/wp-json\/wp\/v2\/product\/4624"}],"collection":[{"href":"https:\/\/afw.com.tr\/tr\/wp-json\/wp\/v2\/product"}],"about":[{"href":"https:\/\/afw.com.tr\/tr\/wp-json\/wp\/v2\/types\/product"}],"replies":[{"embeddable":true,"href":"https:\/\/afw.com.tr\/tr\/wp-json\/wp\/v2\/comments?post=4624"}],"wp:featuredmedia":[{"embeddable":true,"href":"https:\/\/afw.com.tr\/tr\/wp-json\/wp\/v2\/media\/4625"}],"wp:attachment":[{"href":"https:\/\/afw.com.tr\/tr\/wp-json\/wp\/v2\/media?parent=4624"}],"wp:term":[{"taxonomy":"product_cat","embeddable":true,"href":"https:\/\/afw.com.tr\/tr\/wp-json\/wp\/v2\/product_cat?post=4624"},{"taxonomy":"product_tag","embeddable":true,"href":"https:\/\/afw.com.tr\/tr\/wp-json\/wp\/v2\/product_tag?post=4624"}],"curies":[{"name":"wp","href":"https:\/\/api.w.org\/{rel}","templated":true}]}}