{"id":4613,"date":"2024-04-02T18:35:07","date_gmt":"2024-04-02T18:35:07","guid":{"rendered":"https:\/\/afw.com.tr\/?post_type=product&#038;p=4613"},"modified":"2025-06-05T23:14:24","modified_gmt":"2025-06-05T23:14:24","slug":"dede-kucuk-bowling-set","status":"publish","type":"product","link":"https:\/\/afw.com.tr\/tr\/urun\/dede-kucuk-bowling-set\/","title":{"rendered":"DEDE K\u00fc\u00e7\u00fck Bowling Set"},"content":{"rendered":"<p>DEDE K\u00fc\u00e7\u00fck Bowling Set<\/p>","protected":false},"excerpt":{"rendered":"<p>DEDE K\u00fc\u00e7\u00fck Bowling Set<\/p>","protected":false},"featured_media":4614,"comment_status":"open","ping_status":"closed","template":"","meta":[],"product_cat":[188,31,189],"product_tag":[200,198],"_links":{"self":[{"href":"https:\/\/afw.com.tr\/tr\/wp-json\/wp\/v2\/product\/4613"}],"collection":[{"href":"https:\/\/afw.com.tr\/tr\/wp-json\/wp\/v2\/product"}],"about":[{"href":"https:\/\/afw.com.tr\/tr\/wp-json\/wp\/v2\/types\/product"}],"replies":[{"embeddable":true,"href":"https:\/\/afw.com.tr\/tr\/wp-json\/wp\/v2\/comments?post=4613"}],"wp:featuredmedia":[{"embeddable":true,"href":"https:\/\/afw.com.tr\/tr\/wp-json\/wp\/v2\/media\/4614"}],"wp:attachment":[{"href":"https:\/\/afw.com.tr\/tr\/wp-json\/wp\/v2\/media?parent=4613"}],"wp:term":[{"taxonomy":"product_cat","embeddable":true,"href":"https:\/\/afw.com.tr\/tr\/wp-json\/wp\/v2\/product_cat?post=4613"},{"taxonomy":"product_tag","embeddable":true,"href":"https:\/\/afw.com.tr\/tr\/wp-json\/wp\/v2\/product_tag?post=4613"}],"curies":[{"name":"wp","href":"https:\/\/api.w.org\/{rel}","templated":true}]}}