{"id":4601,"date":"2024-04-02T17:49:44","date_gmt":"2024-04-02T17:49:44","guid":{"rendered":"https:\/\/afw.com.tr\/?post_type=product&#038;p=4601"},"modified":"2024-04-02T17:49:45","modified_gmt":"2024-04-02T17:49:45","slug":"dede-benim-ilk-cimento-kamyonum","status":"publish","type":"product","link":"https:\/\/afw.com.tr\/tr\/urun\/dede-benim-ilk-cimento-kamyonum\/","title":{"rendered":"DEDE Benim \u0130lk \u00c7imento Kamyonum"},"content":{"rendered":"<p>DEDE Benim \u0130lk \u00c7imento Kamyonum<\/p>","protected":false},"excerpt":{"rendered":"<p>DEDE Benim \u0130lk \u00c7imento Kamyonum<\/p>","protected":false},"featured_media":4604,"comment_status":"open","ping_status":"closed","template":"","meta":[],"product_cat":[188,31,189],"product_tag":[200,198],"_links":{"self":[{"href":"https:\/\/afw.com.tr\/tr\/wp-json\/wp\/v2\/product\/4601"}],"collection":[{"href":"https:\/\/afw.com.tr\/tr\/wp-json\/wp\/v2\/product"}],"about":[{"href":"https:\/\/afw.com.tr\/tr\/wp-json\/wp\/v2\/types\/product"}],"replies":[{"embeddable":true,"href":"https:\/\/afw.com.tr\/tr\/wp-json\/wp\/v2\/comments?post=4601"}],"wp:featuredmedia":[{"embeddable":true,"href":"https:\/\/afw.com.tr\/tr\/wp-json\/wp\/v2\/media\/4604"}],"wp:attachment":[{"href":"https:\/\/afw.com.tr\/tr\/wp-json\/wp\/v2\/media?parent=4601"}],"wp:term":[{"taxonomy":"product_cat","embeddable":true,"href":"https:\/\/afw.com.tr\/tr\/wp-json\/wp\/v2\/product_cat?post=4601"},{"taxonomy":"product_tag","embeddable":true,"href":"https:\/\/afw.com.tr\/tr\/wp-json\/wp\/v2\/product_tag?post=4601"}],"curies":[{"name":"wp","href":"https:\/\/api.w.org\/{rel}","templated":true}]}}