{"id":4555,"date":"2024-03-31T20:15:15","date_gmt":"2024-03-31T20:15:15","guid":{"rendered":"https:\/\/afw.com.tr\/?post_type=product&#038;p=4555"},"modified":"2024-03-31T20:15:15","modified_gmt":"2024-03-31T20:15:15","slug":"kopuk-su-tabancasi","status":"publish","type":"product","link":"https:\/\/afw.com.tr\/tr\/urun\/kopuk-su-tabancasi\/","title":{"rendered":"K\u00f6p\u00fck Su Tabancas\u0131"},"content":{"rendered":"<p>K\u00f6p\u00fck Su Tabancas\u0131<\/p>","protected":false},"excerpt":{"rendered":"<p>K\u00f6p\u00fck Su Tabancas\u0131<\/p>","protected":false},"featured_media":4556,"comment_status":"open","ping_status":"closed","template":"","meta":[],"product_cat":[188,31,189],"product_tag":[198],"_links":{"self":[{"href":"https:\/\/afw.com.tr\/tr\/wp-json\/wp\/v2\/product\/4555"}],"collection":[{"href":"https:\/\/afw.com.tr\/tr\/wp-json\/wp\/v2\/product"}],"about":[{"href":"https:\/\/afw.com.tr\/tr\/wp-json\/wp\/v2\/types\/product"}],"replies":[{"embeddable":true,"href":"https:\/\/afw.com.tr\/tr\/wp-json\/wp\/v2\/comments?post=4555"}],"wp:featuredmedia":[{"embeddable":true,"href":"https:\/\/afw.com.tr\/tr\/wp-json\/wp\/v2\/media\/4556"}],"wp:attachment":[{"href":"https:\/\/afw.com.tr\/tr\/wp-json\/wp\/v2\/media?parent=4555"}],"wp:term":[{"taxonomy":"product_cat","embeddable":true,"href":"https:\/\/afw.com.tr\/tr\/wp-json\/wp\/v2\/product_cat?post=4555"},{"taxonomy":"product_tag","embeddable":true,"href":"https:\/\/afw.com.tr\/tr\/wp-json\/wp\/v2\/product_tag?post=4555"}],"curies":[{"name":"wp","href":"https:\/\/api.w.org\/{rel}","templated":true}]}}