{"id":4549,"date":"2024-03-31T20:13:04","date_gmt":"2024-03-31T20:13:04","guid":{"rendered":"https:\/\/afw.com.tr\/?post_type=product&#038;p=4549"},"modified":"2025-06-01T06:15:09","modified_gmt":"2025-06-01T06:15:09","slug":"zuzu-supermarket-alisveris-seti","status":"publish","type":"product","link":"https:\/\/afw.com.tr\/tr\/urun\/zuzu-supermarket-alisveris-seti\/","title":{"rendered":"ZUZU Supermarket Al\u0131\u015fveri\u015f Seti"},"content":{"rendered":"<p>ZUZU Supermarket Al\u0131\u015fveri\u015f Seti<\/p>","protected":false},"excerpt":{"rendered":"<p>ZUZU Supermarket Al\u0131\u015fveri\u015f Seti<\/p>","protected":false},"featured_media":4550,"comment_status":"open","ping_status":"closed","template":"","meta":[],"product_cat":[188,31,189],"product_tag":[198,199],"_links":{"self":[{"href":"https:\/\/afw.com.tr\/tr\/wp-json\/wp\/v2\/product\/4549"}],"collection":[{"href":"https:\/\/afw.com.tr\/tr\/wp-json\/wp\/v2\/product"}],"about":[{"href":"https:\/\/afw.com.tr\/tr\/wp-json\/wp\/v2\/types\/product"}],"replies":[{"embeddable":true,"href":"https:\/\/afw.com.tr\/tr\/wp-json\/wp\/v2\/comments?post=4549"}],"wp:featuredmedia":[{"embeddable":true,"href":"https:\/\/afw.com.tr\/tr\/wp-json\/wp\/v2\/media\/4550"}],"wp:attachment":[{"href":"https:\/\/afw.com.tr\/tr\/wp-json\/wp\/v2\/media?parent=4549"}],"wp:term":[{"taxonomy":"product_cat","embeddable":true,"href":"https:\/\/afw.com.tr\/tr\/wp-json\/wp\/v2\/product_cat?post=4549"},{"taxonomy":"product_tag","embeddable":true,"href":"https:\/\/afw.com.tr\/tr\/wp-json\/wp\/v2\/product_tag?post=4549"}],"curies":[{"name":"wp","href":"https:\/\/api.w.org\/{rel}","templated":true}]}}