{"id":4527,"date":"2024-03-31T19:08:22","date_gmt":"2024-03-31T19:08:22","guid":{"rendered":"https:\/\/afw.com.tr\/?post_type=product&#038;p=4527"},"modified":"2025-06-01T19:18:30","modified_gmt":"2025-06-01T19:18:30","slug":"dede-barbie-bulasik-seti","status":"publish","type":"product","link":"https:\/\/afw.com.tr\/tr\/urun\/dede-barbie-bulasik-seti\/","title":{"rendered":"DEDE Barbie Bula\u015f\u0131k Seti"},"content":{"rendered":"<p>DEDE Barbie Bula\u015f\u0131k Seti<\/p>","protected":false},"excerpt":{"rendered":"<p>DEDE Barbie Bula\u015f\u0131k Seti<\/p>","protected":false},"featured_media":4528,"comment_status":"open","ping_status":"closed","template":"","meta":[],"product_cat":[188,31,189],"product_tag":[200,198],"_links":{"self":[{"href":"https:\/\/afw.com.tr\/tr\/wp-json\/wp\/v2\/product\/4527"}],"collection":[{"href":"https:\/\/afw.com.tr\/tr\/wp-json\/wp\/v2\/product"}],"about":[{"href":"https:\/\/afw.com.tr\/tr\/wp-json\/wp\/v2\/types\/product"}],"replies":[{"embeddable":true,"href":"https:\/\/afw.com.tr\/tr\/wp-json\/wp\/v2\/comments?post=4527"}],"wp:featuredmedia":[{"embeddable":true,"href":"https:\/\/afw.com.tr\/tr\/wp-json\/wp\/v2\/media\/4528"}],"wp:attachment":[{"href":"https:\/\/afw.com.tr\/tr\/wp-json\/wp\/v2\/media?parent=4527"}],"wp:term":[{"taxonomy":"product_cat","embeddable":true,"href":"https:\/\/afw.com.tr\/tr\/wp-json\/wp\/v2\/product_cat?post=4527"},{"taxonomy":"product_tag","embeddable":true,"href":"https:\/\/afw.com.tr\/tr\/wp-json\/wp\/v2\/product_tag?post=4527"}],"curies":[{"name":"wp","href":"https:\/\/api.w.org\/{rel}","templated":true}]}}