{"id":4465,"date":"2024-03-27T08:17:09","date_gmt":"2024-03-27T08:17:09","guid":{"rendered":"https:\/\/afw.com.tr\/?post_type=product&#038;p=4465"},"modified":"2024-03-27T08:17:10","modified_gmt":"2024-03-27T08:17:10","slug":"avessa-voleybol-filesi-celik-telli-cantali-overlok-kr-199","status":"publish","type":"product","link":"https:\/\/afw.com.tr\/tr\/urun\/avessa-voleybol-filesi-celik-telli-cantali-overlok-kr-199\/","title":{"rendered":"Avessa Voleybol Filesi \u00c7elik Telli \u00c7antal\u0131 Overlok Kr-199"},"content":{"rendered":"<p>Avessa Voleybol Filesi \u00c7elik Telli \u00c7antal\u0131 Overlok Kr-199<\/p>","protected":false},"excerpt":{"rendered":"<p>Avessa Voleybol Filesi \u00c7elik Telli \u00c7antal\u0131 Overlok Kr-199<\/p>","protected":false},"featured_media":4466,"comment_status":"open","ping_status":"closed","template":"","meta":[],"product_cat":[43],"product_tag":[53,135,60],"_links":{"self":[{"href":"https:\/\/afw.com.tr\/tr\/wp-json\/wp\/v2\/product\/4465"}],"collection":[{"href":"https:\/\/afw.com.tr\/tr\/wp-json\/wp\/v2\/product"}],"about":[{"href":"https:\/\/afw.com.tr\/tr\/wp-json\/wp\/v2\/types\/product"}],"replies":[{"embeddable":true,"href":"https:\/\/afw.com.tr\/tr\/wp-json\/wp\/v2\/comments?post=4465"}],"wp:featuredmedia":[{"embeddable":true,"href":"https:\/\/afw.com.tr\/tr\/wp-json\/wp\/v2\/media\/4466"}],"wp:attachment":[{"href":"https:\/\/afw.com.tr\/tr\/wp-json\/wp\/v2\/media?parent=4465"}],"wp:term":[{"taxonomy":"product_cat","embeddable":true,"href":"https:\/\/afw.com.tr\/tr\/wp-json\/wp\/v2\/product_cat?post=4465"},{"taxonomy":"product_tag","embeddable":true,"href":"https:\/\/afw.com.tr\/tr\/wp-json\/wp\/v2\/product_tag?post=4465"}],"curies":[{"name":"wp","href":"https:\/\/api.w.org\/{rel}","templated":true}]}}