{"id":4445,"date":"2024-03-26T11:08:09","date_gmt":"2024-03-26T11:08:09","guid":{"rendered":"https:\/\/afw.com.tr\/?post_type=product&#038;p=4445"},"modified":"2024-03-26T11:08:09","modified_gmt":"2024-03-26T11:08:09","slug":"avessa-16-metre-beach-voleybol-saha-seridi-kr-139-tum-renkler","status":"publish","type":"product","link":"https:\/\/afw.com.tr\/tr\/urun\/avessa-16-metre-beach-voleybol-saha-seridi-kr-139-tum-renkler\/","title":{"rendered":"Avessa 16 Metre Beach Voleybol Saha \u015eeridi Kr-139 T\u00fcm Renkler"},"content":{"rendered":"<p>Avessa 16 Metre Beach Voleybol Saha \u015eeridi Kr-139 T\u00fcm Renkler<\/p>","protected":false},"excerpt":{"rendered":"<p>Avessa 16 Metre Beach Voleybol Saha \u015eeridi Kr-139 T\u00fcm Renkler<\/p>","protected":false},"featured_media":4446,"comment_status":"open","ping_status":"closed","template":"","meta":[],"product_cat":[43],"product_tag":[53,177,60],"_links":{"self":[{"href":"https:\/\/afw.com.tr\/tr\/wp-json\/wp\/v2\/product\/4445"}],"collection":[{"href":"https:\/\/afw.com.tr\/tr\/wp-json\/wp\/v2\/product"}],"about":[{"href":"https:\/\/afw.com.tr\/tr\/wp-json\/wp\/v2\/types\/product"}],"replies":[{"embeddable":true,"href":"https:\/\/afw.com.tr\/tr\/wp-json\/wp\/v2\/comments?post=4445"}],"wp:featuredmedia":[{"embeddable":true,"href":"https:\/\/afw.com.tr\/tr\/wp-json\/wp\/v2\/media\/4446"}],"wp:attachment":[{"href":"https:\/\/afw.com.tr\/tr\/wp-json\/wp\/v2\/media?parent=4445"}],"wp:term":[{"taxonomy":"product_cat","embeddable":true,"href":"https:\/\/afw.com.tr\/tr\/wp-json\/wp\/v2\/product_cat?post=4445"},{"taxonomy":"product_tag","embeddable":true,"href":"https:\/\/afw.com.tr\/tr\/wp-json\/wp\/v2\/product_tag?post=4445"}],"curies":[{"name":"wp","href":"https:\/\/api.w.org\/{rel}","templated":true}]}}