{"id":4443,"date":"2024-03-26T11:05:35","date_gmt":"2024-03-26T11:05:35","guid":{"rendered":"https:\/\/afw.com.tr\/?post_type=product&#038;p=4443"},"modified":"2024-03-26T11:05:35","modified_gmt":"2024-03-26T11:05:35","slug":"avessa-3-metre-futbol-kale-filesi-2-mm-ip-kalinligi-kr-177","status":"publish","type":"product","link":"https:\/\/afw.com.tr\/tr\/urun\/avessa-3-metre-futbol-kale-filesi-2-mm-ip-kalinligi-kr-177\/","title":{"rendered":"Avessa 3 Metre Futbol Kale Filesi 2 mm \u0130p Kal\u0131nl\u0131\u011f\u0131 Kr-177"},"content":{"rendered":"<p>Avessa 3 Metre Futbol Kale Filesi 2 mm \u0130p Kal\u0131nl\u0131\u011f\u0131 Kr-177<\/p>","protected":false},"excerpt":{"rendered":"<p>Avessa 3 Metre Futbol Kale Filesi 2 mm \u0130p Kal\u0131nl\u0131\u011f\u0131 Kr-177<\/p>","protected":false},"featured_media":4444,"comment_status":"open","ping_status":"closed","template":"","meta":[],"product_cat":[43],"product_tag":[53,135,50],"_links":{"self":[{"href":"https:\/\/afw.com.tr\/tr\/wp-json\/wp\/v2\/product\/4443"}],"collection":[{"href":"https:\/\/afw.com.tr\/tr\/wp-json\/wp\/v2\/product"}],"about":[{"href":"https:\/\/afw.com.tr\/tr\/wp-json\/wp\/v2\/types\/product"}],"replies":[{"embeddable":true,"href":"https:\/\/afw.com.tr\/tr\/wp-json\/wp\/v2\/comments?post=4443"}],"wp:featuredmedia":[{"embeddable":true,"href":"https:\/\/afw.com.tr\/tr\/wp-json\/wp\/v2\/media\/4444"}],"wp:attachment":[{"href":"https:\/\/afw.com.tr\/tr\/wp-json\/wp\/v2\/media?parent=4443"}],"wp:term":[{"taxonomy":"product_cat","embeddable":true,"href":"https:\/\/afw.com.tr\/tr\/wp-json\/wp\/v2\/product_cat?post=4443"},{"taxonomy":"product_tag","embeddable":true,"href":"https:\/\/afw.com.tr\/tr\/wp-json\/wp\/v2\/product_tag?post=4443"}],"curies":[{"name":"wp","href":"https:\/\/api.w.org\/{rel}","templated":true}]}}