{"id":4409,"date":"2024-03-24T14:01:09","date_gmt":"2024-03-24T14:01:09","guid":{"rendered":"https:\/\/afw.com.tr\/?post_type=product&#038;p=4409"},"modified":"2024-03-24T14:01:09","modified_gmt":"2024-03-24T14:01:09","slug":"snazaroo-3lu-firca-set","status":"publish","type":"product","link":"https:\/\/afw.com.tr\/tr\/urun\/snazaroo-3lu-firca-set\/","title":{"rendered":"SNAZAROO 3l\u00fc F\u0131r\u00e7a Set"},"content":{"rendered":"<p>SNAZAROO 3l\u00fc F\u0131r\u00e7a Set<\/p>","protected":false},"excerpt":{"rendered":"<p>SNAZAROO 3l\u00fc F\u0131r\u00e7a Set<\/p>","protected":false},"featured_media":4410,"comment_status":"open","ping_status":"closed","template":"","meta":[],"product_cat":[164],"product_tag":[174,165],"_links":{"self":[{"href":"https:\/\/afw.com.tr\/tr\/wp-json\/wp\/v2\/product\/4409"}],"collection":[{"href":"https:\/\/afw.com.tr\/tr\/wp-json\/wp\/v2\/product"}],"about":[{"href":"https:\/\/afw.com.tr\/tr\/wp-json\/wp\/v2\/types\/product"}],"replies":[{"embeddable":true,"href":"https:\/\/afw.com.tr\/tr\/wp-json\/wp\/v2\/comments?post=4409"}],"wp:featuredmedia":[{"embeddable":true,"href":"https:\/\/afw.com.tr\/tr\/wp-json\/wp\/v2\/media\/4410"}],"wp:attachment":[{"href":"https:\/\/afw.com.tr\/tr\/wp-json\/wp\/v2\/media?parent=4409"}],"wp:term":[{"taxonomy":"product_cat","embeddable":true,"href":"https:\/\/afw.com.tr\/tr\/wp-json\/wp\/v2\/product_cat?post=4409"},{"taxonomy":"product_tag","embeddable":true,"href":"https:\/\/afw.com.tr\/tr\/wp-json\/wp\/v2\/product_tag?post=4409"}],"curies":[{"name":"wp","href":"https:\/\/api.w.org\/{rel}","templated":true}]}}