{"id":4353,"date":"2024-03-22T10:24:57","date_gmt":"2024-03-22T10:24:57","guid":{"rendered":"https:\/\/afw.com.tr\/?post_type=product&#038;p=4353"},"modified":"2024-03-22T10:24:57","modified_gmt":"2024-03-22T10:24:57","slug":"wilson-wrt6046ye-dropshot-6-li-badminton-topu-sari","status":"publish","type":"product","link":"https:\/\/afw.com.tr\/tr\/urun\/wilson-wrt6046ye-dropshot-6-li-badminton-topu-sari\/","title":{"rendered":"Wilson WRT6046YE Dropshot 6 l\u0131 Badminton Topu Sar\u0131"},"content":{"rendered":"<p>Wilson WRT6046YE Dropshot 6 l\u0131 Badminton Topu Sar\u0131<\/p>","protected":false},"excerpt":{"rendered":"<p>Wilson WRT6046YE Dropshot 6 l\u0131 Badminton Topu Sar\u0131<\/p>","protected":false},"featured_media":4354,"comment_status":"open","ping_status":"closed","template":"","meta":[],"product_cat":[43],"product_tag":[169,170,55],"_links":{"self":[{"href":"https:\/\/afw.com.tr\/tr\/wp-json\/wp\/v2\/product\/4353"}],"collection":[{"href":"https:\/\/afw.com.tr\/tr\/wp-json\/wp\/v2\/product"}],"about":[{"href":"https:\/\/afw.com.tr\/tr\/wp-json\/wp\/v2\/types\/product"}],"replies":[{"embeddable":true,"href":"https:\/\/afw.com.tr\/tr\/wp-json\/wp\/v2\/comments?post=4353"}],"wp:featuredmedia":[{"embeddable":true,"href":"https:\/\/afw.com.tr\/tr\/wp-json\/wp\/v2\/media\/4354"}],"wp:attachment":[{"href":"https:\/\/afw.com.tr\/tr\/wp-json\/wp\/v2\/media?parent=4353"}],"wp:term":[{"taxonomy":"product_cat","embeddable":true,"href":"https:\/\/afw.com.tr\/tr\/wp-json\/wp\/v2\/product_cat?post=4353"},{"taxonomy":"product_tag","embeddable":true,"href":"https:\/\/afw.com.tr\/tr\/wp-json\/wp\/v2\/product_tag?post=4353"}],"curies":[{"name":"wp","href":"https:\/\/api.w.org\/{rel}","templated":true}]}}