{"id":4341,"date":"2024-03-22T10:16:28","date_gmt":"2024-03-22T10:16:28","guid":{"rendered":"https:\/\/afw.com.tr\/?post_type=product&#038;p=4341"},"modified":"2024-03-22T10:16:28","modified_gmt":"2024-03-22T10:16:28","slug":"cok-amacli-pompa-top-bisiklet-ve-araba-pompasi","status":"publish","type":"product","link":"https:\/\/afw.com.tr\/tr\/urun\/cok-amacli-pompa-top-bisiklet-ve-araba-pompasi\/","title":{"rendered":"\u00c7ok Ama\u00e7l\u0131 Pompa Top Bisiklet Ve Araba Pompas\u0131"},"content":{"rendered":"<p>\u00c7ok Ama\u00e7l\u0131 Pompa Top Bisiklet Ve Araba Pompas\u0131<\/p>","protected":false},"excerpt":{"rendered":"<p>\u00c7ok Ama\u00e7l\u0131 Pompa Top Bisiklet Ve Araba Pompas\u0131<\/p>","protected":false},"featured_media":4342,"comment_status":"open","ping_status":"closed","template":"","meta":[],"product_cat":[43],"product_tag":[166],"_links":{"self":[{"href":"https:\/\/afw.com.tr\/tr\/wp-json\/wp\/v2\/product\/4341"}],"collection":[{"href":"https:\/\/afw.com.tr\/tr\/wp-json\/wp\/v2\/product"}],"about":[{"href":"https:\/\/afw.com.tr\/tr\/wp-json\/wp\/v2\/types\/product"}],"replies":[{"embeddable":true,"href":"https:\/\/afw.com.tr\/tr\/wp-json\/wp\/v2\/comments?post=4341"}],"wp:featuredmedia":[{"embeddable":true,"href":"https:\/\/afw.com.tr\/tr\/wp-json\/wp\/v2\/media\/4342"}],"wp:attachment":[{"href":"https:\/\/afw.com.tr\/tr\/wp-json\/wp\/v2\/media?parent=4341"}],"wp:term":[{"taxonomy":"product_cat","embeddable":true,"href":"https:\/\/afw.com.tr\/tr\/wp-json\/wp\/v2\/product_cat?post=4341"},{"taxonomy":"product_tag","embeddable":true,"href":"https:\/\/afw.com.tr\/tr\/wp-json\/wp\/v2\/product_tag?post=4341"}],"curies":[{"name":"wp","href":"https:\/\/api.w.org\/{rel}","templated":true}]}}