{"id":4308,"date":"2024-03-18T20:33:07","date_gmt":"2024-03-18T20:33:07","guid":{"rendered":"https:\/\/afw.com.tr\/?post_type=product&#038;p=4308"},"modified":"2024-03-18T20:33:07","modified_gmt":"2024-03-18T20:33:07","slug":"snazaroo-sedefli-kirmizi","status":"publish","type":"product","link":"https:\/\/afw.com.tr\/tr\/urun\/snazaroo-sedefli-kirmizi\/","title":{"rendered":"SNAZAROO Sedefli K\u0131rm\u0131z\u0131"},"content":{"rendered":"<p>SNAZAROO Sedefli K\u0131rm\u0131z\u0131<\/p>","protected":false},"excerpt":{"rendered":"<p>SNAZAROO Sedefli K\u0131rm\u0131z\u0131<\/p>","protected":false},"featured_media":4310,"comment_status":"open","ping_status":"closed","template":"","meta":[],"product_cat":[164],"product_tag":[165],"_links":{"self":[{"href":"https:\/\/afw.com.tr\/tr\/wp-json\/wp\/v2\/product\/4308"}],"collection":[{"href":"https:\/\/afw.com.tr\/tr\/wp-json\/wp\/v2\/product"}],"about":[{"href":"https:\/\/afw.com.tr\/tr\/wp-json\/wp\/v2\/types\/product"}],"replies":[{"embeddable":true,"href":"https:\/\/afw.com.tr\/tr\/wp-json\/wp\/v2\/comments?post=4308"}],"wp:featuredmedia":[{"embeddable":true,"href":"https:\/\/afw.com.tr\/tr\/wp-json\/wp\/v2\/media\/4310"}],"wp:attachment":[{"href":"https:\/\/afw.com.tr\/tr\/wp-json\/wp\/v2\/media?parent=4308"}],"wp:term":[{"taxonomy":"product_cat","embeddable":true,"href":"https:\/\/afw.com.tr\/tr\/wp-json\/wp\/v2\/product_cat?post=4308"},{"taxonomy":"product_tag","embeddable":true,"href":"https:\/\/afw.com.tr\/tr\/wp-json\/wp\/v2\/product_tag?post=4308"}],"curies":[{"name":"wp","href":"https:\/\/api.w.org\/{rel}","templated":true}]}}