{"id":4305,"date":"2024-03-18T20:32:02","date_gmt":"2024-03-18T20:32:02","guid":{"rendered":"https:\/\/afw.com.tr\/?post_type=product&#038;p=4305"},"modified":"2025-06-07T14:17:39","modified_gmt":"2025-06-07T14:17:39","slug":"snazaroo-sedefli-acik-yesil","status":"publish","type":"product","link":"https:\/\/afw.com.tr\/tr\/urun\/snazaroo-sedefli-acik-yesil\/","title":{"rendered":"SNAZAROO Sedefli A\u00e7\u0131k Ye\u015fil"},"content":{"rendered":"<p>SNAZAROO Sedefli A\u00e7\u0131k Ye\u015fil<\/p>","protected":false},"excerpt":{"rendered":"<p>SNAZAROO Sedefli A\u00e7\u0131k Ye\u015fil<\/p>","protected":false},"featured_media":4307,"comment_status":"open","ping_status":"closed","template":"","meta":[],"product_cat":[164],"product_tag":[165],"_links":{"self":[{"href":"https:\/\/afw.com.tr\/tr\/wp-json\/wp\/v2\/product\/4305"}],"collection":[{"href":"https:\/\/afw.com.tr\/tr\/wp-json\/wp\/v2\/product"}],"about":[{"href":"https:\/\/afw.com.tr\/tr\/wp-json\/wp\/v2\/types\/product"}],"replies":[{"embeddable":true,"href":"https:\/\/afw.com.tr\/tr\/wp-json\/wp\/v2\/comments?post=4305"}],"wp:featuredmedia":[{"embeddable":true,"href":"https:\/\/afw.com.tr\/tr\/wp-json\/wp\/v2\/media\/4307"}],"wp:attachment":[{"href":"https:\/\/afw.com.tr\/tr\/wp-json\/wp\/v2\/media?parent=4305"}],"wp:term":[{"taxonomy":"product_cat","embeddable":true,"href":"https:\/\/afw.com.tr\/tr\/wp-json\/wp\/v2\/product_cat?post=4305"},{"taxonomy":"product_tag","embeddable":true,"href":"https:\/\/afw.com.tr\/tr\/wp-json\/wp\/v2\/product_tag?post=4305"}],"curies":[{"name":"wp","href":"https:\/\/api.w.org\/{rel}","templated":true}]}}