{"id":4281,"date":"2024-03-18T20:24:09","date_gmt":"2024-03-18T20:24:09","guid":{"rendered":"https:\/\/afw.com.tr\/?post_type=product&#038;p=4281"},"modified":"2024-03-18T20:24:09","modified_gmt":"2024-03-18T20:24:09","slug":"snazaroo-metalik-gumus","status":"publish","type":"product","link":"https:\/\/afw.com.tr\/tr\/urun\/snazaroo-metalik-gumus\/","title":{"rendered":"SNAZAROO Metalik G\u00fcm\u00fc\u015f"},"content":{"rendered":"<p>SNAZAROO Metalik G\u00fcm\u00fc\u015f<\/p>","protected":false},"excerpt":{"rendered":"<p>SNAZAROO Metalik G\u00fcm\u00fc\u015f<\/p>","protected":false},"featured_media":4283,"comment_status":"open","ping_status":"closed","template":"","meta":[],"product_cat":[164],"product_tag":[165],"_links":{"self":[{"href":"https:\/\/afw.com.tr\/tr\/wp-json\/wp\/v2\/product\/4281"}],"collection":[{"href":"https:\/\/afw.com.tr\/tr\/wp-json\/wp\/v2\/product"}],"about":[{"href":"https:\/\/afw.com.tr\/tr\/wp-json\/wp\/v2\/types\/product"}],"replies":[{"embeddable":true,"href":"https:\/\/afw.com.tr\/tr\/wp-json\/wp\/v2\/comments?post=4281"}],"wp:featuredmedia":[{"embeddable":true,"href":"https:\/\/afw.com.tr\/tr\/wp-json\/wp\/v2\/media\/4283"}],"wp:attachment":[{"href":"https:\/\/afw.com.tr\/tr\/wp-json\/wp\/v2\/media?parent=4281"}],"wp:term":[{"taxonomy":"product_cat","embeddable":true,"href":"https:\/\/afw.com.tr\/tr\/wp-json\/wp\/v2\/product_cat?post=4281"},{"taxonomy":"product_tag","embeddable":true,"href":"https:\/\/afw.com.tr\/tr\/wp-json\/wp\/v2\/product_tag?post=4281"}],"curies":[{"name":"wp","href":"https:\/\/api.w.org\/{rel}","templated":true}]}}