{"id":4260,"date":"2024-03-18T20:16:18","date_gmt":"2024-03-18T20:16:18","guid":{"rendered":"https:\/\/afw.com.tr\/?post_type=product&#038;p=4260"},"modified":"2025-06-04T04:52:16","modified_gmt":"2025-06-04T04:52:16","slug":"snazaroo-kirmizi","status":"publish","type":"product","link":"https:\/\/afw.com.tr\/tr\/urun\/snazaroo-kirmizi\/","title":{"rendered":"SNAZAROO K\u0131rm\u0131z\u0131"},"content":{"rendered":"<p>SNAZAROO K\u0131rm\u0131z\u0131<\/p>","protected":false},"excerpt":{"rendered":"<p>SNAZAROO K\u0131rm\u0131z\u0131<\/p>","protected":false},"featured_media":4262,"comment_status":"open","ping_status":"closed","template":"","meta":[],"product_cat":[164],"product_tag":[165],"_links":{"self":[{"href":"https:\/\/afw.com.tr\/tr\/wp-json\/wp\/v2\/product\/4260"}],"collection":[{"href":"https:\/\/afw.com.tr\/tr\/wp-json\/wp\/v2\/product"}],"about":[{"href":"https:\/\/afw.com.tr\/tr\/wp-json\/wp\/v2\/types\/product"}],"replies":[{"embeddable":true,"href":"https:\/\/afw.com.tr\/tr\/wp-json\/wp\/v2\/comments?post=4260"}],"wp:featuredmedia":[{"embeddable":true,"href":"https:\/\/afw.com.tr\/tr\/wp-json\/wp\/v2\/media\/4262"}],"wp:attachment":[{"href":"https:\/\/afw.com.tr\/tr\/wp-json\/wp\/v2\/media?parent=4260"}],"wp:term":[{"taxonomy":"product_cat","embeddable":true,"href":"https:\/\/afw.com.tr\/tr\/wp-json\/wp\/v2\/product_cat?post=4260"},{"taxonomy":"product_tag","embeddable":true,"href":"https:\/\/afw.com.tr\/tr\/wp-json\/wp\/v2\/product_tag?post=4260"}],"curies":[{"name":"wp","href":"https:\/\/api.w.org\/{rel}","templated":true}]}}