{"id":4239,"date":"2024-03-18T20:09:13","date_gmt":"2024-03-18T20:09:13","guid":{"rendered":"https:\/\/afw.com.tr\/?post_type=product&#038;p=4239"},"modified":"2024-03-18T20:09:13","modified_gmt":"2024-03-18T20:09:13","slug":"snazaroo-acik-yesil","status":"publish","type":"product","link":"https:\/\/afw.com.tr\/tr\/urun\/snazaroo-acik-yesil\/","title":{"rendered":"SNAZAROO A\u00e7\u0131k Ye\u015fil"},"content":{"rendered":"<p>SNAZAROO A\u00e7\u0131k Ye\u015fil<\/p>","protected":false},"excerpt":{"rendered":"<p>SNAZAROO A\u00e7\u0131k Ye\u015fil<\/p>","protected":false},"featured_media":4241,"comment_status":"open","ping_status":"closed","template":"","meta":[],"product_cat":[164],"product_tag":[165],"_links":{"self":[{"href":"https:\/\/afw.com.tr\/tr\/wp-json\/wp\/v2\/product\/4239"}],"collection":[{"href":"https:\/\/afw.com.tr\/tr\/wp-json\/wp\/v2\/product"}],"about":[{"href":"https:\/\/afw.com.tr\/tr\/wp-json\/wp\/v2\/types\/product"}],"replies":[{"embeddable":true,"href":"https:\/\/afw.com.tr\/tr\/wp-json\/wp\/v2\/comments?post=4239"}],"wp:featuredmedia":[{"embeddable":true,"href":"https:\/\/afw.com.tr\/tr\/wp-json\/wp\/v2\/media\/4241"}],"wp:attachment":[{"href":"https:\/\/afw.com.tr\/tr\/wp-json\/wp\/v2\/media?parent=4239"}],"wp:term":[{"taxonomy":"product_cat","embeddable":true,"href":"https:\/\/afw.com.tr\/tr\/wp-json\/wp\/v2\/product_cat?post=4239"},{"taxonomy":"product_tag","embeddable":true,"href":"https:\/\/afw.com.tr\/tr\/wp-json\/wp\/v2\/product_tag?post=4239"}],"curies":[{"name":"wp","href":"https:\/\/api.w.org\/{rel}","templated":true}]}}