{"id":4236,"date":"2024-03-18T20:08:09","date_gmt":"2024-03-18T20:08:09","guid":{"rendered":"https:\/\/afw.com.tr\/?post_type=product&#038;p=4236"},"modified":"2024-03-18T20:08:09","modified_gmt":"2024-03-18T20:08:09","slug":"snazaroo-acik-pembe","status":"publish","type":"product","link":"https:\/\/afw.com.tr\/tr\/urun\/snazaroo-acik-pembe\/","title":{"rendered":"SNAZAROO A\u00e7\u0131k Pembe"},"content":{"rendered":"<p>SNAZAROO A\u00e7\u0131k Pembe<\/p>","protected":false},"excerpt":{"rendered":"<p>SNAZAROO A\u00e7\u0131k Pembe<\/p>","protected":false},"featured_media":4238,"comment_status":"open","ping_status":"closed","template":"","meta":[],"product_cat":[164],"product_tag":[165],"_links":{"self":[{"href":"https:\/\/afw.com.tr\/tr\/wp-json\/wp\/v2\/product\/4236"}],"collection":[{"href":"https:\/\/afw.com.tr\/tr\/wp-json\/wp\/v2\/product"}],"about":[{"href":"https:\/\/afw.com.tr\/tr\/wp-json\/wp\/v2\/types\/product"}],"replies":[{"embeddable":true,"href":"https:\/\/afw.com.tr\/tr\/wp-json\/wp\/v2\/comments?post=4236"}],"wp:featuredmedia":[{"embeddable":true,"href":"https:\/\/afw.com.tr\/tr\/wp-json\/wp\/v2\/media\/4238"}],"wp:attachment":[{"href":"https:\/\/afw.com.tr\/tr\/wp-json\/wp\/v2\/media?parent=4236"}],"wp:term":[{"taxonomy":"product_cat","embeddable":true,"href":"https:\/\/afw.com.tr\/tr\/wp-json\/wp\/v2\/product_cat?post=4236"},{"taxonomy":"product_tag","embeddable":true,"href":"https:\/\/afw.com.tr\/tr\/wp-json\/wp\/v2\/product_tag?post=4236"}],"curies":[{"name":"wp","href":"https:\/\/api.w.org\/{rel}","templated":true}]}}