{"id":4204,"date":"2024-03-09T07:26:35","date_gmt":"2024-03-09T07:26:35","guid":{"rendered":"https:\/\/afw.com.tr\/?post_type=product&#038;p=4204"},"modified":"2025-06-02T07:45:51","modified_gmt":"2025-06-02T07:45:51","slug":"busso-dth-201-domuz-kili-dart-set","status":"publish","type":"product","link":"https:\/\/afw.com.tr\/tr\/urun\/busso-dth-201-domuz-kili-dart-set\/","title":{"rendered":"Busso Dth-201 Domuz K\u0131l\u0131 Dart Set"},"content":{"rendered":"<p>Busso Dth-201 Domuz K\u0131l\u0131 Dart Set<\/p>","protected":false},"excerpt":{"rendered":"<p>Busso Dth-201 Domuz K\u0131l\u0131 Dart Set<\/p>","protected":false},"featured_media":4205,"comment_status":"open","ping_status":"closed","template":"","meta":[],"product_cat":[43],"product_tag":[56,146,155],"_links":{"self":[{"href":"https:\/\/afw.com.tr\/tr\/wp-json\/wp\/v2\/product\/4204"}],"collection":[{"href":"https:\/\/afw.com.tr\/tr\/wp-json\/wp\/v2\/product"}],"about":[{"href":"https:\/\/afw.com.tr\/tr\/wp-json\/wp\/v2\/types\/product"}],"replies":[{"embeddable":true,"href":"https:\/\/afw.com.tr\/tr\/wp-json\/wp\/v2\/comments?post=4204"}],"wp:featuredmedia":[{"embeddable":true,"href":"https:\/\/afw.com.tr\/tr\/wp-json\/wp\/v2\/media\/4205"}],"wp:attachment":[{"href":"https:\/\/afw.com.tr\/tr\/wp-json\/wp\/v2\/media?parent=4204"}],"wp:term":[{"taxonomy":"product_cat","embeddable":true,"href":"https:\/\/afw.com.tr\/tr\/wp-json\/wp\/v2\/product_cat?post=4204"},{"taxonomy":"product_tag","embeddable":true,"href":"https:\/\/afw.com.tr\/tr\/wp-json\/wp\/v2\/product_tag?post=4204"}],"curies":[{"name":"wp","href":"https:\/\/api.w.org\/{rel}","templated":true}]}}