{"id":4200,"date":"2024-03-09T07:10:57","date_gmt":"2024-03-09T07:10:57","guid":{"rendered":"https:\/\/afw.com.tr\/?post_type=product&#038;p=4200"},"modified":"2024-03-09T07:10:57","modified_gmt":"2024-03-09T07:10:57","slug":"avessa-pilates-bandi-kalin-orta-ince","status":"publish","type":"product","link":"https:\/\/afw.com.tr\/tr\/urun\/avessa-pilates-bandi-kalin-orta-ince\/","title":{"rendered":"Avessa Pilates Band\u0131 Kal\u0131n-Orta-\u0130nce"},"content":{"rendered":"<p>Avessa Pilates Band\u0131 Kal\u0131n-Orta-\u0130nce<\/p>","protected":false},"excerpt":{"rendered":"<p>Avessa Pilates Band\u0131 Kal\u0131n-Orta-\u0130nce<\/p>","protected":false},"featured_media":4201,"comment_status":"open","ping_status":"closed","template":"","meta":[],"product_cat":[43],"product_tag":[53,153,137,149],"_links":{"self":[{"href":"https:\/\/afw.com.tr\/tr\/wp-json\/wp\/v2\/product\/4200"}],"collection":[{"href":"https:\/\/afw.com.tr\/tr\/wp-json\/wp\/v2\/product"}],"about":[{"href":"https:\/\/afw.com.tr\/tr\/wp-json\/wp\/v2\/types\/product"}],"replies":[{"embeddable":true,"href":"https:\/\/afw.com.tr\/tr\/wp-json\/wp\/v2\/comments?post=4200"}],"wp:featuredmedia":[{"embeddable":true,"href":"https:\/\/afw.com.tr\/tr\/wp-json\/wp\/v2\/media\/4201"}],"wp:attachment":[{"href":"https:\/\/afw.com.tr\/tr\/wp-json\/wp\/v2\/media?parent=4200"}],"wp:term":[{"taxonomy":"product_cat","embeddable":true,"href":"https:\/\/afw.com.tr\/tr\/wp-json\/wp\/v2\/product_cat?post=4200"},{"taxonomy":"product_tag","embeddable":true,"href":"https:\/\/afw.com.tr\/tr\/wp-json\/wp\/v2\/product_tag?post=4200"}],"curies":[{"name":"wp","href":"https:\/\/api.w.org\/{rel}","templated":true}]}}