{"id":4198,"date":"2024-03-09T07:09:29","date_gmt":"2024-03-09T07:09:29","guid":{"rendered":"https:\/\/afw.com.tr\/?post_type=product&#038;p=4198"},"modified":"2024-03-09T07:09:29","modified_gmt":"2024-03-09T07:09:29","slug":"avessa-orme-guc-bandi-hafif-sert-direnc-lpb-300-lpb-100","status":"publish","type":"product","link":"https:\/\/afw.com.tr\/tr\/urun\/avessa-orme-guc-bandi-hafif-sert-direnc-lpb-300-lpb-100\/","title":{"rendered":"Avessa \u00d6rme G\u00fc\u00e7 Band\u0131 Hafif-Sert Diren\u00e7 LPB-300  LPB-100"},"content":{"rendered":"<p>Avessa \u00d6rme G\u00fc\u00e7 Band\u0131 Hafif-Sert Diren\u00e7 LPB-300 LPB-100<\/p>","protected":false},"excerpt":{"rendered":"<p>Avessa \u00d6rme G\u00fc\u00e7 Band\u0131 Hafif-Sert Diren\u00e7 LPB-300 LPB-100<\/p>","protected":false},"featured_media":4199,"comment_status":"open","ping_status":"closed","template":"","meta":[],"product_cat":[43],"product_tag":[53,153,152],"_links":{"self":[{"href":"https:\/\/afw.com.tr\/tr\/wp-json\/wp\/v2\/product\/4198"}],"collection":[{"href":"https:\/\/afw.com.tr\/tr\/wp-json\/wp\/v2\/product"}],"about":[{"href":"https:\/\/afw.com.tr\/tr\/wp-json\/wp\/v2\/types\/product"}],"replies":[{"embeddable":true,"href":"https:\/\/afw.com.tr\/tr\/wp-json\/wp\/v2\/comments?post=4198"}],"wp:featuredmedia":[{"embeddable":true,"href":"https:\/\/afw.com.tr\/tr\/wp-json\/wp\/v2\/media\/4199"}],"wp:attachment":[{"href":"https:\/\/afw.com.tr\/tr\/wp-json\/wp\/v2\/media?parent=4198"}],"wp:term":[{"taxonomy":"product_cat","embeddable":true,"href":"https:\/\/afw.com.tr\/tr\/wp-json\/wp\/v2\/product_cat?post=4198"},{"taxonomy":"product_tag","embeddable":true,"href":"https:\/\/afw.com.tr\/tr\/wp-json\/wp\/v2\/product_tag?post=4198"}],"curies":[{"name":"wp","href":"https:\/\/api.w.org\/{rel}","templated":true}]}}