{"id":4194,"date":"2024-03-09T06:59:41","date_gmt":"2024-03-09T06:59:41","guid":{"rendered":"https:\/\/afw.com.tr\/?post_type=product&#038;p=4194"},"modified":"2025-06-01T03:13:09","modified_gmt":"2025-06-01T03:13:09","slug":"avessa-45-metre-pilates-lastigi-pembe-hafif-direnc-rulo-ce35-ce45-ce55","status":"publish","type":"product","link":"https:\/\/afw.com.tr\/tr\/urun\/avessa-45-metre-pilates-lastigi-pembe-hafif-direnc-rulo-ce35-ce45-ce55\/","title":{"rendered":"Avessa 45 metre Pilates Lasti\u011fi Pembe Hafif Diren\u00e7 Rulo Ce35 &#8211; Ce45 &#8211; Ce55"},"content":{"rendered":"<p>Avessa 45 metre Pilates Lasti\u011fi Pembe Hafif Diren\u00e7 Rulo Ce35 &#8211; Ce45 &#8211; Ce55<\/p>","protected":false},"excerpt":{"rendered":"<p>Avessa 45 metre Pilates Lasti\u011fi Pembe Hafif Diren\u00e7 Rulo Ce35 &#8211; Ce45 &#8211; Ce55<\/p>","protected":false},"featured_media":4195,"comment_status":"open","ping_status":"closed","template":"","meta":[],"product_cat":[43],"product_tag":[53,137,149],"_links":{"self":[{"href":"https:\/\/afw.com.tr\/tr\/wp-json\/wp\/v2\/product\/4194"}],"collection":[{"href":"https:\/\/afw.com.tr\/tr\/wp-json\/wp\/v2\/product"}],"about":[{"href":"https:\/\/afw.com.tr\/tr\/wp-json\/wp\/v2\/types\/product"}],"replies":[{"embeddable":true,"href":"https:\/\/afw.com.tr\/tr\/wp-json\/wp\/v2\/comments?post=4194"}],"wp:featuredmedia":[{"embeddable":true,"href":"https:\/\/afw.com.tr\/tr\/wp-json\/wp\/v2\/media\/4195"}],"wp:attachment":[{"href":"https:\/\/afw.com.tr\/tr\/wp-json\/wp\/v2\/media?parent=4194"}],"wp:term":[{"taxonomy":"product_cat","embeddable":true,"href":"https:\/\/afw.com.tr\/tr\/wp-json\/wp\/v2\/product_cat?post=4194"},{"taxonomy":"product_tag","embeddable":true,"href":"https:\/\/afw.com.tr\/tr\/wp-json\/wp\/v2\/product_tag?post=4194"}],"curies":[{"name":"wp","href":"https:\/\/api.w.org\/{rel}","templated":true}]}}