{"id":4184,"date":"2024-03-09T06:51:49","date_gmt":"2024-03-09T06:51:49","guid":{"rendered":"https:\/\/afw.com.tr\/?post_type=product&#038;p=4184"},"modified":"2025-06-07T19:59:00","modified_gmt":"2025-06-07T19:59:00","slug":"actifoam-havuz-dambili","status":"publish","type":"product","link":"https:\/\/afw.com.tr\/tr\/urun\/actifoam-havuz-dambili\/","title":{"rendered":"Actifoam Havuz Damb\u0131l\u0131"},"content":{"rendered":"<p>Actifoam Havuz Damb\u0131l\u0131<\/p>","protected":false},"excerpt":{"rendered":"<p>Actifoam Havuz Damb\u0131l\u0131<\/p>","protected":false},"featured_media":4185,"comment_status":"open","ping_status":"closed","template":"","meta":[],"product_cat":[43],"product_tag":[140,142,141,44],"_links":{"self":[{"href":"https:\/\/afw.com.tr\/tr\/wp-json\/wp\/v2\/product\/4184"}],"collection":[{"href":"https:\/\/afw.com.tr\/tr\/wp-json\/wp\/v2\/product"}],"about":[{"href":"https:\/\/afw.com.tr\/tr\/wp-json\/wp\/v2\/types\/product"}],"replies":[{"embeddable":true,"href":"https:\/\/afw.com.tr\/tr\/wp-json\/wp\/v2\/comments?post=4184"}],"wp:featuredmedia":[{"embeddable":true,"href":"https:\/\/afw.com.tr\/tr\/wp-json\/wp\/v2\/media\/4185"}],"wp:attachment":[{"href":"https:\/\/afw.com.tr\/tr\/wp-json\/wp\/v2\/media?parent=4184"}],"wp:term":[{"taxonomy":"product_cat","embeddable":true,"href":"https:\/\/afw.com.tr\/tr\/wp-json\/wp\/v2\/product_cat?post=4184"},{"taxonomy":"product_tag","embeddable":true,"href":"https:\/\/afw.com.tr\/tr\/wp-json\/wp\/v2\/product_tag?post=4184"}],"curies":[{"name":"wp","href":"https:\/\/api.w.org\/{rel}","templated":true}]}}