{"id":4167,"date":"2024-03-04T20:22:29","date_gmt":"2024-03-04T20:22:29","guid":{"rendered":"https:\/\/afw.com.tr\/?post_type=product&#038;p=4167"},"modified":"2024-03-04T20:22:29","modified_gmt":"2024-03-04T20:22:29","slug":"avessa-16-mm-cift-tarafli-pilates-minderi-mat","status":"publish","type":"product","link":"https:\/\/afw.com.tr\/tr\/urun\/avessa-16-mm-cift-tarafli-pilates-minderi-mat\/","title":{"rendered":"Avessa 16 mm \u00c7ift Tarafl\u0131 Pilates Minderi Mat"},"content":{"rendered":"<p>Avessa 16 mm \u00c7ift Tarafl\u0131 Pilates Minderi Mat<\/p>","protected":false},"excerpt":{"rendered":"<p>Avessa 16 mm \u00c7ift Tarafl\u0131 Pilates Minderi Mat<\/p>","protected":false},"featured_media":4168,"comment_status":"open","ping_status":"closed","template":"","meta":[],"product_cat":[43],"product_tag":[53,138,137],"_links":{"self":[{"href":"https:\/\/afw.com.tr\/tr\/wp-json\/wp\/v2\/product\/4167"}],"collection":[{"href":"https:\/\/afw.com.tr\/tr\/wp-json\/wp\/v2\/product"}],"about":[{"href":"https:\/\/afw.com.tr\/tr\/wp-json\/wp\/v2\/types\/product"}],"replies":[{"embeddable":true,"href":"https:\/\/afw.com.tr\/tr\/wp-json\/wp\/v2\/comments?post=4167"}],"wp:featuredmedia":[{"embeddable":true,"href":"https:\/\/afw.com.tr\/tr\/wp-json\/wp\/v2\/media\/4168"}],"wp:attachment":[{"href":"https:\/\/afw.com.tr\/tr\/wp-json\/wp\/v2\/media?parent=4167"}],"wp:term":[{"taxonomy":"product_cat","embeddable":true,"href":"https:\/\/afw.com.tr\/tr\/wp-json\/wp\/v2\/product_cat?post=4167"},{"taxonomy":"product_tag","embeddable":true,"href":"https:\/\/afw.com.tr\/tr\/wp-json\/wp\/v2\/product_tag?post=4167"}],"curies":[{"name":"wp","href":"https:\/\/api.w.org\/{rel}","templated":true}]}}