{"id":4163,"date":"2024-03-04T20:19:20","date_gmt":"2024-03-04T20:19:20","guid":{"rendered":"https:\/\/afw.com.tr\/?post_type=product&#038;p=4163"},"modified":"2024-03-04T20:19:20","modified_gmt":"2024-03-04T20:19:20","slug":"avessa-plm-100-10mm-outdoor-kirmizi-kamp-ve-pilates-mati","status":"publish","type":"product","link":"https:\/\/afw.com.tr\/tr\/urun\/avessa-plm-100-10mm-outdoor-kirmizi-kamp-ve-pilates-mati\/","title":{"rendered":"Avessa PLM-100 10mm Outdoor K\u0131rm\u0131z\u0131 Kamp ve Pilates Mat\u0131"},"content":{"rendered":"<p>Avessa PLM-100 10mm Outdoor K\u0131rm\u0131z\u0131 Kamp ve Pilates Mat\u0131<\/p>","protected":false},"excerpt":{"rendered":"<p>Avessa PLM-100 10mm Outdoor K\u0131rm\u0131z\u0131 Kamp ve Pilates Mat\u0131<\/p>","protected":false},"featured_media":4164,"comment_status":"open","ping_status":"closed","template":"","meta":[],"product_cat":[43],"product_tag":[53,138,137],"_links":{"self":[{"href":"https:\/\/afw.com.tr\/tr\/wp-json\/wp\/v2\/product\/4163"}],"collection":[{"href":"https:\/\/afw.com.tr\/tr\/wp-json\/wp\/v2\/product"}],"about":[{"href":"https:\/\/afw.com.tr\/tr\/wp-json\/wp\/v2\/types\/product"}],"replies":[{"embeddable":true,"href":"https:\/\/afw.com.tr\/tr\/wp-json\/wp\/v2\/comments?post=4163"}],"wp:featuredmedia":[{"embeddable":true,"href":"https:\/\/afw.com.tr\/tr\/wp-json\/wp\/v2\/media\/4164"}],"wp:attachment":[{"href":"https:\/\/afw.com.tr\/tr\/wp-json\/wp\/v2\/media?parent=4163"}],"wp:term":[{"taxonomy":"product_cat","embeddable":true,"href":"https:\/\/afw.com.tr\/tr\/wp-json\/wp\/v2\/product_cat?post=4163"},{"taxonomy":"product_tag","embeddable":true,"href":"https:\/\/afw.com.tr\/tr\/wp-json\/wp\/v2\/product_tag?post=4163"}],"curies":[{"name":"wp","href":"https:\/\/api.w.org\/{rel}","templated":true}]}}