{"id":4143,"date":"2024-03-01T21:09:01","date_gmt":"2024-03-01T21:09:01","guid":{"rendered":"https:\/\/afw.com.tr\/?post_type=product&#038;p=4143"},"modified":"2024-03-01T21:09:02","modified_gmt":"2024-03-01T21:09:02","slug":"avessa-vlm-200-voleybol-topu-karisik-renkli","status":"publish","type":"product","link":"https:\/\/afw.com.tr\/tr\/urun\/avessa-vlm-200-voleybol-topu-karisik-renkli\/","title":{"rendered":"AVESSA vlm-200 Voleybol Topu Kar\u0131\u015f\u0131k Renkli"},"content":{"rendered":"<p>AVESSA vlm-200 Voleybol Topu Kar\u0131\u015f\u0131k Renkli<\/p>","protected":false},"excerpt":{"rendered":"<p>AVESSA vlm-200 Voleybol Topu Kar\u0131\u015f\u0131k Renkli<\/p>","protected":false},"featured_media":4144,"comment_status":"open","ping_status":"closed","template":"","meta":[],"product_cat":[43],"product_tag":[53,58,60],"_links":{"self":[{"href":"https:\/\/afw.com.tr\/tr\/wp-json\/wp\/v2\/product\/4143"}],"collection":[{"href":"https:\/\/afw.com.tr\/tr\/wp-json\/wp\/v2\/product"}],"about":[{"href":"https:\/\/afw.com.tr\/tr\/wp-json\/wp\/v2\/types\/product"}],"replies":[{"embeddable":true,"href":"https:\/\/afw.com.tr\/tr\/wp-json\/wp\/v2\/comments?post=4143"}],"wp:featuredmedia":[{"embeddable":true,"href":"https:\/\/afw.com.tr\/tr\/wp-json\/wp\/v2\/media\/4144"}],"wp:attachment":[{"href":"https:\/\/afw.com.tr\/tr\/wp-json\/wp\/v2\/media?parent=4143"}],"wp:term":[{"taxonomy":"product_cat","embeddable":true,"href":"https:\/\/afw.com.tr\/tr\/wp-json\/wp\/v2\/product_cat?post=4143"},{"taxonomy":"product_tag","embeddable":true,"href":"https:\/\/afw.com.tr\/tr\/wp-json\/wp\/v2\/product_tag?post=4143"}],"curies":[{"name":"wp","href":"https:\/\/api.w.org\/{rel}","templated":true}]}}