{"id":4122,"date":"2024-02-25T16:36:11","date_gmt":"2024-02-25T16:36:11","guid":{"rendered":"https:\/\/afw.com.tr\/?post_type=product&#038;p=4122"},"modified":"2024-02-25T16:36:11","modified_gmt":"2024-02-25T16:36:11","slug":"mahkum-kostum-kadin","status":"publish","type":"product","link":"https:\/\/afw.com.tr\/tr\/urun\/mahkum-kostum-kadin\/","title":{"rendered":"Mahkum Kost\u00fcm Kad\u0131n"},"content":{"rendered":"<p>Mahkum Kost\u00fcm Kad\u0131n<\/p>","protected":false},"excerpt":{"rendered":"<p>Mahkum Kost\u00fcm Kad\u0131n<\/p>","protected":false},"featured_media":4123,"comment_status":"open","ping_status":"closed","template":"","meta":[],"product_cat":[106],"product_tag":[107,127],"_links":{"self":[{"href":"https:\/\/afw.com.tr\/tr\/wp-json\/wp\/v2\/product\/4122"}],"collection":[{"href":"https:\/\/afw.com.tr\/tr\/wp-json\/wp\/v2\/product"}],"about":[{"href":"https:\/\/afw.com.tr\/tr\/wp-json\/wp\/v2\/types\/product"}],"replies":[{"embeddable":true,"href":"https:\/\/afw.com.tr\/tr\/wp-json\/wp\/v2\/comments?post=4122"}],"wp:featuredmedia":[{"embeddable":true,"href":"https:\/\/afw.com.tr\/tr\/wp-json\/wp\/v2\/media\/4123"}],"wp:attachment":[{"href":"https:\/\/afw.com.tr\/tr\/wp-json\/wp\/v2\/media?parent=4122"}],"wp:term":[{"taxonomy":"product_cat","embeddable":true,"href":"https:\/\/afw.com.tr\/tr\/wp-json\/wp\/v2\/product_cat?post=4122"},{"taxonomy":"product_tag","embeddable":true,"href":"https:\/\/afw.com.tr\/tr\/wp-json\/wp\/v2\/product_tag?post=4122"}],"curies":[{"name":"wp","href":"https:\/\/api.w.org\/{rel}","templated":true}]}}