{"id":4112,"date":"2024-02-25T16:30:09","date_gmt":"2024-02-25T16:30:09","guid":{"rendered":"https:\/\/afw.com.tr\/?post_type=product&#038;p=4112"},"modified":"2025-05-31T13:55:06","modified_gmt":"2025-05-31T13:55:06","slug":"palyaco-kostum","status":"publish","type":"product","link":"https:\/\/afw.com.tr\/tr\/urun\/palyaco-kostum\/","title":{"rendered":"Palya\u00e7o Kost\u00fcm"},"content":{"rendered":"<p>Palya\u00e7o Kost\u00fcm<\/p>","protected":false},"excerpt":{"rendered":"<p>Palya\u00e7o Kost\u00fcm<\/p>","protected":false},"featured_media":4113,"comment_status":"open","ping_status":"closed","template":"","meta":[],"product_cat":[106],"product_tag":[107,122],"_links":{"self":[{"href":"https:\/\/afw.com.tr\/tr\/wp-json\/wp\/v2\/product\/4112"}],"collection":[{"href":"https:\/\/afw.com.tr\/tr\/wp-json\/wp\/v2\/product"}],"about":[{"href":"https:\/\/afw.com.tr\/tr\/wp-json\/wp\/v2\/types\/product"}],"replies":[{"embeddable":true,"href":"https:\/\/afw.com.tr\/tr\/wp-json\/wp\/v2\/comments?post=4112"}],"wp:featuredmedia":[{"embeddable":true,"href":"https:\/\/afw.com.tr\/tr\/wp-json\/wp\/v2\/media\/4113"}],"wp:attachment":[{"href":"https:\/\/afw.com.tr\/tr\/wp-json\/wp\/v2\/media?parent=4112"}],"wp:term":[{"taxonomy":"product_cat","embeddable":true,"href":"https:\/\/afw.com.tr\/tr\/wp-json\/wp\/v2\/product_cat?post=4112"},{"taxonomy":"product_tag","embeddable":true,"href":"https:\/\/afw.com.tr\/tr\/wp-json\/wp\/v2\/product_tag?post=4112"}],"curies":[{"name":"wp","href":"https:\/\/api.w.org\/{rel}","templated":true}]}}