{"id":4100,"date":"2024-02-25T16:22:33","date_gmt":"2024-02-25T16:22:33","guid":{"rendered":"https:\/\/afw.com.tr\/?post_type=product&#038;p=4100"},"modified":"2024-02-25T16:22:33","modified_gmt":"2024-02-25T16:22:33","slug":"asci-sisme-kostum","status":"publish","type":"product","link":"https:\/\/afw.com.tr\/tr\/urun\/asci-sisme-kostum\/","title":{"rendered":"A\u015f\u00e7\u0131 \u015ei\u015fme Kost\u00fcm"},"content":{"rendered":"<p>A\u015f\u00e7\u0131 \u015ei\u015fme Kost\u00fcm<\/p>","protected":false},"excerpt":{"rendered":"<p>A\u015f\u00e7\u0131 \u015ei\u015fme Kost\u00fcm<\/p>","protected":false},"featured_media":4101,"comment_status":"open","ping_status":"closed","template":"","meta":[],"product_cat":[106],"product_tag":[117,107,114],"_links":{"self":[{"href":"https:\/\/afw.com.tr\/tr\/wp-json\/wp\/v2\/product\/4100"}],"collection":[{"href":"https:\/\/afw.com.tr\/tr\/wp-json\/wp\/v2\/product"}],"about":[{"href":"https:\/\/afw.com.tr\/tr\/wp-json\/wp\/v2\/types\/product"}],"replies":[{"embeddable":true,"href":"https:\/\/afw.com.tr\/tr\/wp-json\/wp\/v2\/comments?post=4100"}],"wp:featuredmedia":[{"embeddable":true,"href":"https:\/\/afw.com.tr\/tr\/wp-json\/wp\/v2\/media\/4101"}],"wp:attachment":[{"href":"https:\/\/afw.com.tr\/tr\/wp-json\/wp\/v2\/media?parent=4100"}],"wp:term":[{"taxonomy":"product_cat","embeddable":true,"href":"https:\/\/afw.com.tr\/tr\/wp-json\/wp\/v2\/product_cat?post=4100"},{"taxonomy":"product_tag","embeddable":true,"href":"https:\/\/afw.com.tr\/tr\/wp-json\/wp\/v2\/product_tag?post=4100"}],"curies":[{"name":"wp","href":"https:\/\/api.w.org\/{rel}","templated":true}]}}