{"id":4098,"date":"2024-02-25T16:21:48","date_gmt":"2024-02-25T16:21:48","guid":{"rendered":"https:\/\/afw.com.tr\/?post_type=product&#038;p=4098"},"modified":"2025-05-31T02:37:09","modified_gmt":"2025-05-31T02:37:09","slug":"kasli-sisme-kostum","status":"publish","type":"product","link":"https:\/\/afw.com.tr\/tr\/urun\/kasli-sisme-kostum\/","title":{"rendered":"Kasl\u0131 \u015ei\u015fme Kost\u00fcm"},"content":{"rendered":"<p>Kasl\u0131 \u015ei\u015fme Kost\u00fcm<\/p>","protected":false},"excerpt":{"rendered":"<p>Kasl\u0131 \u015ei\u015fme Kost\u00fcm<\/p>","protected":false},"featured_media":4099,"comment_status":"open","ping_status":"closed","template":"","meta":[],"product_cat":[106],"product_tag":[116,107,114],"_links":{"self":[{"href":"https:\/\/afw.com.tr\/tr\/wp-json\/wp\/v2\/product\/4098"}],"collection":[{"href":"https:\/\/afw.com.tr\/tr\/wp-json\/wp\/v2\/product"}],"about":[{"href":"https:\/\/afw.com.tr\/tr\/wp-json\/wp\/v2\/types\/product"}],"replies":[{"embeddable":true,"href":"https:\/\/afw.com.tr\/tr\/wp-json\/wp\/v2\/comments?post=4098"}],"wp:featuredmedia":[{"embeddable":true,"href":"https:\/\/afw.com.tr\/tr\/wp-json\/wp\/v2\/media\/4099"}],"wp:attachment":[{"href":"https:\/\/afw.com.tr\/tr\/wp-json\/wp\/v2\/media?parent=4098"}],"wp:term":[{"taxonomy":"product_cat","embeddable":true,"href":"https:\/\/afw.com.tr\/tr\/wp-json\/wp\/v2\/product_cat?post=4098"},{"taxonomy":"product_tag","embeddable":true,"href":"https:\/\/afw.com.tr\/tr\/wp-json\/wp\/v2\/product_tag?post=4098"}],"curies":[{"name":"wp","href":"https:\/\/api.w.org\/{rel}","templated":true}]}}