{"id":4096,"date":"2024-02-25T16:21:11","date_gmt":"2024-02-25T16:21:11","guid":{"rendered":"https:\/\/afw.com.tr\/?post_type=product&#038;p=4096"},"modified":"2024-02-25T16:21:11","modified_gmt":"2024-02-25T16:21:11","slug":"sumo-sisme-kostum","status":"publish","type":"product","link":"https:\/\/afw.com.tr\/tr\/urun\/sumo-sisme-kostum\/","title":{"rendered":"Sumo \u015ei\u015fme Kost\u00fcm"},"content":{"rendered":"<p>Sumo \u015ei\u015fme Kost\u00fcm<\/p>","protected":false},"excerpt":{"rendered":"<p>Sumo \u015ei\u015fme Kost\u00fcm<\/p>","protected":false},"featured_media":4097,"comment_status":"open","ping_status":"closed","template":"","meta":[],"product_cat":[106],"product_tag":[107,114,115],"_links":{"self":[{"href":"https:\/\/afw.com.tr\/tr\/wp-json\/wp\/v2\/product\/4096"}],"collection":[{"href":"https:\/\/afw.com.tr\/tr\/wp-json\/wp\/v2\/product"}],"about":[{"href":"https:\/\/afw.com.tr\/tr\/wp-json\/wp\/v2\/types\/product"}],"replies":[{"embeddable":true,"href":"https:\/\/afw.com.tr\/tr\/wp-json\/wp\/v2\/comments?post=4096"}],"wp:featuredmedia":[{"embeddable":true,"href":"https:\/\/afw.com.tr\/tr\/wp-json\/wp\/v2\/media\/4097"}],"wp:attachment":[{"href":"https:\/\/afw.com.tr\/tr\/wp-json\/wp\/v2\/media?parent=4096"}],"wp:term":[{"taxonomy":"product_cat","embeddable":true,"href":"https:\/\/afw.com.tr\/tr\/wp-json\/wp\/v2\/product_cat?post=4096"},{"taxonomy":"product_tag","embeddable":true,"href":"https:\/\/afw.com.tr\/tr\/wp-json\/wp\/v2\/product_tag?post=4096"}],"curies":[{"name":"wp","href":"https:\/\/api.w.org\/{rel}","templated":true}]}}