{"id":4094,"date":"2024-02-25T16:20:30","date_gmt":"2024-02-25T16:20:30","guid":{"rendered":"https:\/\/afw.com.tr\/?post_type=product&#038;p=4094"},"modified":"2024-02-25T16:20:30","modified_gmt":"2024-02-25T16:20:30","slug":"sisme-kostum-2","status":"publish","type":"product","link":"https:\/\/afw.com.tr\/tr\/urun\/sisme-kostum-2\/","title":{"rendered":"\u015ei\u015fme Kost\u00fcm"},"content":{"rendered":"<p>\u015ei\u015fme Kost\u00fcm<\/p>","protected":false},"excerpt":{"rendered":"<p>\u015ei\u015fme Kost\u00fcm<\/p>","protected":false},"featured_media":4095,"comment_status":"open","ping_status":"closed","template":"","meta":[],"product_cat":[106],"product_tag":[107,114],"_links":{"self":[{"href":"https:\/\/afw.com.tr\/tr\/wp-json\/wp\/v2\/product\/4094"}],"collection":[{"href":"https:\/\/afw.com.tr\/tr\/wp-json\/wp\/v2\/product"}],"about":[{"href":"https:\/\/afw.com.tr\/tr\/wp-json\/wp\/v2\/types\/product"}],"replies":[{"embeddable":true,"href":"https:\/\/afw.com.tr\/tr\/wp-json\/wp\/v2\/comments?post=4094"}],"wp:featuredmedia":[{"embeddable":true,"href":"https:\/\/afw.com.tr\/tr\/wp-json\/wp\/v2\/media\/4095"}],"wp:attachment":[{"href":"https:\/\/afw.com.tr\/tr\/wp-json\/wp\/v2\/media?parent=4094"}],"wp:term":[{"taxonomy":"product_cat","embeddable":true,"href":"https:\/\/afw.com.tr\/tr\/wp-json\/wp\/v2\/product_cat?post=4094"},{"taxonomy":"product_tag","embeddable":true,"href":"https:\/\/afw.com.tr\/tr\/wp-json\/wp\/v2\/product_tag?post=4094"}],"curies":[{"name":"wp","href":"https:\/\/api.w.org\/{rel}","templated":true}]}}