{"id":4092,"date":"2024-02-25T16:19:20","date_gmt":"2024-02-25T16:19:20","guid":{"rendered":"https:\/\/afw.com.tr\/?post_type=product&#038;p=4092"},"modified":"2024-02-25T16:19:21","modified_gmt":"2024-02-25T16:19:21","slug":"sisme-kostum","status":"publish","type":"product","link":"https:\/\/afw.com.tr\/tr\/urun\/sisme-kostum\/","title":{"rendered":"\u015ei\u015fme Kost\u00fcm"},"content":{"rendered":"<p>\u015ei\u015fme Kost\u00fcm<\/p>","protected":false},"excerpt":{"rendered":"<p>\u015ei\u015fme Kost\u00fcm<\/p>","protected":false},"featured_media":4093,"comment_status":"open","ping_status":"closed","template":"","meta":[],"product_cat":[106],"product_tag":[107,114],"_links":{"self":[{"href":"https:\/\/afw.com.tr\/tr\/wp-json\/wp\/v2\/product\/4092"}],"collection":[{"href":"https:\/\/afw.com.tr\/tr\/wp-json\/wp\/v2\/product"}],"about":[{"href":"https:\/\/afw.com.tr\/tr\/wp-json\/wp\/v2\/types\/product"}],"replies":[{"embeddable":true,"href":"https:\/\/afw.com.tr\/tr\/wp-json\/wp\/v2\/comments?post=4092"}],"wp:featuredmedia":[{"embeddable":true,"href":"https:\/\/afw.com.tr\/tr\/wp-json\/wp\/v2\/media\/4093"}],"wp:attachment":[{"href":"https:\/\/afw.com.tr\/tr\/wp-json\/wp\/v2\/media?parent=4092"}],"wp:term":[{"taxonomy":"product_cat","embeddable":true,"href":"https:\/\/afw.com.tr\/tr\/wp-json\/wp\/v2\/product_cat?post=4092"},{"taxonomy":"product_tag","embeddable":true,"href":"https:\/\/afw.com.tr\/tr\/wp-json\/wp\/v2\/product_tag?post=4092"}],"curies":[{"name":"wp","href":"https:\/\/api.w.org\/{rel}","templated":true}]}}